{"id":701,"date":"2026-01-28T10:50:28","date_gmt":"2026-01-28T09:50:28","guid":{"rendered":"https:\/\/casasyreformas.nubedev.es\/nybyggnation\/"},"modified":"2026-03-18T14:29:30","modified_gmt":"2026-03-18T13:29:30","slug":"nybyggnation","status":"publish","type":"page","link":"https:\/\/casas-reformas.com\/sv\/nybyggnation\/","title":{"rendered":"Nybyggnation"},"content":{"rendered":"<div class=\"hero-block-official w-full flex flex-col relative justify-center min-h-[70vh]\" style=\"background-image: url(https:\/\/casas-reformas.com\/wp-content\/uploads\/2026\/01\/Haza-del-Conde-03.jpg); background-color: #f8f9fa; background-size: cover; background-position: center; background-repeat: no-repeat;\">\n                <div class=\"absolute inset-0 w-full min-h-[70vh]\" style=\"background-color: #0a0909; opacity: 0.3;\"><\/div>\n        <div class=\"container mx-auto relative z-10 flex flex-col items-center justify-center\">\n                    <h1 class=\"text-5xl font-sans mb-4 text-background\">\n                Nybyggnation\n                <\/h1>\n                            <\/div>\n\n    \n            <div class=\"absolute bottom-0 left-0 z-20 p-6 md:p-10\">\n            <nav class=\"flex items-center text-sm flex-wrap\">\n                                    <a href=\"https:\/\/casas-reformas.com\/sv\/\"\n                        class=\"text-background hover:text-primary transition-colors duration-300\">Home<\/a>\n                    <span class=\"mx-2 text-background opacity-60\">\/<\/span>\n                    <span class=\"text-background\">Nybyggnation<\/span>\n                            <\/nav>\n        <\/div>\n    <\/div>\n\n\n<section class=\"1\"\n    style=\"background-color: \">\n    <div class=\"flex flex-col items-center py-10 px-4 md:px-6 lg:px-10 container mx-auto gap-8 md:gap-12 lg:gap-20\">\n        \n                    <div class=\"w-full flex flex-col items-center text-center justify-start pt-4 gap-4\">\n            \n                <div class=\"prose prose-base md:prose-lg !max-w-screen-lg text-foreground\"><p>F\u00f6r att underl\u00e4tta en god hantering av alla v\u00e5ra projekt erbjuder Casas &amp; Reformas en nyckelf\u00e4rdig tj\u00e4nst, ledd av en oslagbar grupp av medarbetare, fr\u00e5n arkitekter till inredningsarkitekter, som baserat p\u00e5 3D-ritningar l\u00e5ter kunden visualisera det nya hemmet, redan innan det har p\u00e5b\u00f6rjats. Detta inneb\u00e4r att v\u00e5ra kunder \u00e4r en aktiv del av den slutliga utformningen av sitt projekt, med alla bekv\u00e4mligheter och f\u00f6rdelar som Casas &amp; Reformas erbjuder med denna kompletta tj\u00e4nst.<\/p>\n<\/div>\n\n        \n            <\/div>\n    <\/div>\n<\/section>\n\n\n<section class=\"wp-block-category-project-archive py-8 md:py-12 lg:py-14 xl:py-16\" style=\"\">\n    <div class=\"px-4 md:px-6 lg:px-10\">\n                    \n            <div class=\"grid grid-cols-1 md:grid-cols-2 lg:grid-cols-3 gap-6 md:gap-8 lg:gap-10\">\n                                    <article class=\"project-card group border-t border-foreground pt-6 transition-all\">\n                        \n                        <a href=\"https:\/\/casas-reformas.com\/sv\/portfolio\/calle-dr-lenys\/\" class=\"block relative overflow-hidden mb-4 aspect-[4\/3]\">\n                                                            <img decoding=\"async\" src=\"https:\/\/casas-reformas.com\/wp-content\/uploads\/2026\/01\/Lenys-12.jpg\" alt=\"Calle Dr. Lenys\" class=\"w-full h-full object-cover transition-transform duration-500 group-hover:scale-105\" title=\"\">\n                                                    <\/a>\n\n                        \n                        <div class=\"flex items-start justify-between gap-4\">\n                            <div class=\"flex-1\">\n                                <h3\n                                    class=\"text-xl md:text-2xl font-bold mb-2 group-hover:text-primary transition-colors\">\n                                    <a href=\"https:\/\/casas-reformas.com\/sv\/portfolio\/calle-dr-lenys\/\">Calle Dr. Lenys<\/a>\n                                <\/h3>\n\n                                                            <\/div>\n\n                            \n                            <a href=\"https:\/\/casas-reformas.com\/sv\/portfolio\/calle-dr-lenys\/\"\n                                class=\"flex-shrink-0 w-10 h-10 md:w-12 md:h-12 rounded-full border-2 border-foreground flex items-center justify-center group-hover:bg-foreground group-hover:text-background transition-all\">\n                                <svg class=\"w-5 h-5 md:w-6 md:h-6 transform rotate-45\" fill=\"none\"\n                                    stroke=\"currentColor\" viewBox=\"0 0 24 24\">\n                                    <path stroke-linecap=\"round\" stroke-linejoin=\"round\" stroke-width=\"2\"\n                                        d=\"M5 12h14M12 5l7 7-7 7\" \/>\n                                <\/svg>\n                            <\/a>\n                        <\/div>\n                    <\/article>\n                                    <article class=\"project-card group border-t border-foreground pt-6 transition-all\">\n                        \n                        <a href=\"https:\/\/casas-reformas.com\/sv\/portfolio\/haza-del-conde\/\" class=\"block relative overflow-hidden mb-4 aspect-[4\/3]\">\n                                                            <img decoding=\"async\" src=\"https:\/\/casas-reformas.com\/wp-content\/uploads\/2026\/01\/Haza-del-Conde-00.jpg\" alt=\"Haza del Conde\" class=\"w-full h-full object-cover transition-transform duration-500 group-hover:scale-105\" title=\"\">\n                                                    <\/a>\n\n                        \n                        <div class=\"flex items-start justify-between gap-4\">\n                            <div class=\"flex-1\">\n                                <h3\n                                    class=\"text-xl md:text-2xl font-bold mb-2 group-hover:text-primary transition-colors\">\n                                    <a href=\"https:\/\/casas-reformas.com\/sv\/portfolio\/haza-del-conde\/\">Haza del Conde<\/a>\n                                <\/h3>\n\n                                                            <\/div>\n\n                            \n                            <a href=\"https:\/\/casas-reformas.com\/sv\/portfolio\/haza-del-conde\/\"\n                                class=\"flex-shrink-0 w-10 h-10 md:w-12 md:h-12 rounded-full border-2 border-foreground flex items-center justify-center group-hover:bg-foreground group-hover:text-background transition-all\">\n                                <svg class=\"w-5 h-5 md:w-6 md:h-6 transform rotate-45\" fill=\"none\"\n                                    stroke=\"currentColor\" viewBox=\"0 0 24 24\">\n                                    <path stroke-linecap=\"round\" stroke-linejoin=\"round\" stroke-width=\"2\"\n                                        d=\"M5 12h14M12 5l7 7-7 7\" \/>\n                                <\/svg>\n                            <\/a>\n                        <\/div>\n                    <\/article>\n                                    <article class=\"project-card group border-t border-foreground pt-6 transition-all\">\n                        \n                        <a href=\"https:\/\/casas-reformas.com\/sv\/portfolio\/la-carolina\/\" class=\"block relative overflow-hidden mb-4 aspect-[4\/3]\">\n                                                            <img decoding=\"async\" src=\"https:\/\/casas-reformas.com\/wp-content\/uploads\/2026\/01\/La-Carolina-00.jpg\" alt=\"La Carolina\" class=\"w-full h-full object-cover transition-transform duration-500 group-hover:scale-105\" title=\"\">\n                                                    <\/a>\n\n                        \n                        <div class=\"flex items-start justify-between gap-4\">\n                            <div class=\"flex-1\">\n                                <h3\n                                    class=\"text-xl md:text-2xl font-bold mb-2 group-hover:text-primary transition-colors\">\n                                    <a href=\"https:\/\/casas-reformas.com\/sv\/portfolio\/la-carolina\/\">La Carolina<\/a>\n                                <\/h3>\n\n                                                            <\/div>\n\n                            \n                            <a href=\"https:\/\/casas-reformas.com\/sv\/portfolio\/la-carolina\/\"\n                                class=\"flex-shrink-0 w-10 h-10 md:w-12 md:h-12 rounded-full border-2 border-foreground flex items-center justify-center group-hover:bg-foreground group-hover:text-background transition-all\">\n                                <svg class=\"w-5 h-5 md:w-6 md:h-6 transform rotate-45\" fill=\"none\"\n                                    stroke=\"currentColor\" viewBox=\"0 0 24 24\">\n                                    <path stroke-linecap=\"round\" stroke-linejoin=\"round\" stroke-width=\"2\"\n                                        d=\"M5 12h14M12 5l7 7-7 7\" \/>\n                                <\/svg>\n                            <\/a>\n                        <\/div>\n                    <\/article>\n                            <\/div>\n            <\/div>\n<\/section>\n","protected":false},"excerpt":{"rendered":"","protected":false},"author":1,"featured_media":0,"parent":0,"menu_order":0,"comment_status":"closed","ping_status":"closed","template":"","meta":{"_acf_changed":false,"footnotes":""},"class_list":["post-701","page","type-page","status-publish","hentry"],"acf":[],"_links":{"self":[{"href":"https:\/\/casas-reformas.com\/sv\/wp-json\/wp\/v2\/pages\/701","targetHints":{"allow":["GET"]}}],"collection":[{"href":"https:\/\/casas-reformas.com\/sv\/wp-json\/wp\/v2\/pages"}],"about":[{"href":"https:\/\/casas-reformas.com\/sv\/wp-json\/wp\/v2\/types\/page"}],"author":[{"embeddable":true,"href":"https:\/\/casas-reformas.com\/sv\/wp-json\/wp\/v2\/users\/1"}],"replies":[{"embeddable":true,"href":"https:\/\/casas-reformas.com\/sv\/wp-json\/wp\/v2\/comments?post=701"}],"version-history":[{"count":2,"href":"https:\/\/casas-reformas.com\/sv\/wp-json\/wp\/v2\/pages\/701\/revisions"}],"predecessor-version":[{"id":735,"href":"https:\/\/casas-reformas.com\/sv\/wp-json\/wp\/v2\/pages\/701\/revisions\/735"}],"wp:attachment":[{"href":"https:\/\/casas-reformas.com\/sv\/wp-json\/wp\/v2\/media?parent=701"}],"curies":[{"name":"wp","href":"https:\/\/api.w.org\/{rel}","templated":true}]}}