{"id":698,"date":"2026-01-27T11:39:59","date_gmt":"2026-01-27T10:39:59","guid":{"rendered":"https:\/\/casasyreformas.nubedev.es\/om-oss\/"},"modified":"2026-03-18T14:22:33","modified_gmt":"2026-03-18T13:22:33","slug":"om-oss","status":"publish","type":"page","link":"https:\/\/casas-reformas.com\/sv\/om-oss\/","title":{"rendered":"Om oss"},"content":{"rendered":"<div class=\"hero-block-official w-full flex flex-col relative justify-center min-h-[70vh]\" style=\"background-image: url(https:\/\/casas-reformas.com\/wp-content\/uploads\/2026\/01\/Villa-Pacific-04.jpg); background-color: #f8f9fa; background-size: cover; background-position: center; background-repeat: no-repeat;\">\n                <div class=\"absolute inset-0 w-full min-h-[70vh]\" style=\"background-color: #0a0909; opacity: 0.3;\"><\/div>\n        <div class=\"container mx-auto relative z-10 flex flex-col items-center justify-center\">\n                    <h1 class=\"text-5xl font-sans mb-4 text-background\">\n                Om oss\n                <\/h1>\n                            <\/div>\n\n    \n            <div class=\"absolute bottom-0 left-0 z-20 p-6 md:p-10\">\n            <nav class=\"flex items-center text-sm flex-wrap\">\n                                    <a href=\"https:\/\/casas-reformas.com\/sv\/\"\n                        class=\"text-background hover:text-primary transition-colors duration-300\">Home<\/a>\n                    <span class=\"mx-2 text-background opacity-60\">\/<\/span>\n                    <span class=\"text-background\">Om oss<\/span>\n                            <\/nav>\n        <\/div>\n    <\/div>\n\n\n<div class=\"wp-block-trayectoria py-16\" style=\"\">\n    <div class=\"px-4 md:px-6 lg:px-10\">\n        \n        <div class=\"mb-8\">\n                            <h2 class=\"text-4xl font-bold\">\n                    B\u00f6rjan\n                <\/h2>\n            \n                            <p class=\"text-xl md:text-2xl font-light text-gray-600\">\n                    av Casas &amp;Reformas\n                <\/p>\n                    <\/div>\n\n        \n        <div class=\"grid grid-cols-1 lg:grid-cols-5 gap-8\">\n            \n            <div class=\"lg:col-span-3 flex flex-col gap-8 order-1 lg:order-none\">\n                \n                                    <div class=\"prose prose-lg max-w-none font-light\">\n                        <p>Casas &amp; Reformas har genomf\u00f6rt projekt i Spanien i mer \u00e4n 17 \u00e5r, klarat den sju \u00e5r l\u00e5nga byggkrisen tack vare en solid ekonomisk stabilitet och vuxit fram som ett v\u00e4lrenommerat byggf\u00f6retag p\u00e5 Costa del Sol.<\/p>\n\n                    <\/div>\n                \n                \n                                    <div class=\"relative h-96 overflow-hidden\">\n                        <img decoding=\"async\" src=\"https:\/\/casas-reformas.com\/wp-content\/uploads\/2026\/01\/Villa-Pacific-07.jpg\" alt=\"Modern kitchen with stylish bar stools\" class=\"w-full h-full object-cover\" loading=\"lazy\" title=\"\">\n                    <\/div>\n                \n                \n                                    <div class=\"hidden lg:flex flex-col text-right\">\n                        <div class=\"mb-8\">\n                                                            <h3 class=\"text-4xl font-bold\">\n                                    Asse Rosenius\n                                <\/h3>\n                            \n                                                            <p class=\"text-lg md:text-xl font-light text-gray-600\">\n                                    VD och grundare\n                                <\/p>\n                                                    <\/div>\n\n                                                    <div class=\"prose prose-lg max-w-none font-light ml-auto\">\n                                <p>VD:n och grundaren av Casas&amp;Reformas, f\u00f6dd i Lappland i norra Finland, har \u00f6ver 30 \u00e5rs erfarenhet inom byggbranschen. Han b\u00f6rjade arbeta i ung \u00e5lder i sitt hemland inom olika sektorer. Senare ledde hans \u00e4ventyrslust honom till att bo i l\u00e4nder som Portugal och USA, tills han best\u00e4mde sig f\u00f6r att sl\u00e5 sig ner p\u00e5 Costa del Sol, f\u00e4ngslad av klimatet, kulturen och de v\u00e4nliga m\u00e4nniskorna.<\/p>\n<p>Som vision\u00e4r och entrepren\u00f6r p\u00e5b\u00f6rjade han gradvis detta projekt f\u00f6r \u00f6ver 15 \u00e5r sedan och har under de senaste 6 \u00e5ren konsoliderat det till ett f\u00f6retag med stark tillv\u00e4xtdrivkraft. Han l\u00e4r sig inte bara att m\u00f6ta kundernas behov, utan \u00f6verraskar dem ocks\u00e5 genom att ge mer \u00e4n de efterfr\u00e5gar \u2013 en effekt som uppn\u00e5s genom att identifiera s\u00e4tt att f\u00f6rb\u00e4ttra produkter och tj\u00e4nster. Kort sagt str\u00e4var han efter excellens.<\/p>\n<p>Vi vill s\u00e4rskilt lyfta fram hans \u00f6dmjukhet och tillg\u00e4nglighet gentemot hela teamet. Han ser sig sj\u00e4lv som en i kollegiet. Han \u00e4gnar sin fritid \u00e5t sport och att njuta av naturen f\u00f6r att komma bort fr\u00e5n bullret och f\u00f6rs\u00f6ker tillbringa s\u00e5 mycket tid som m\u00f6jligt med sin familj.<\/p>\n\n                            <\/div>\n                                            <\/div>\n                            <\/div>\n\n            \n                            <div class=\"lg:col-span-2 order-2 lg:order-none\">\n                    <div class=\"relative h-full min-h-[400px] lg:min-h-full overflow-hidden\">\n                        <img decoding=\"async\" src=\"https:\/\/casas-reformas.com\/wp-content\/uploads\/2026\/03\/Team-00-1024x848-1.jpg\" alt=\"Man sitting at a desk.\" class=\"w-full h-full object-cover\" loading=\"lazy\" title=\"\">\n                    <\/div>\n                <\/div>\n            \n            \n                            <div class=\"flex lg:hidden flex-col text-right order-3\">\n                    <div class=\"mb-8\">\n                                                    <h3 class=\"text-4xl font-bold\">\n                                Asse Rosenius\n                            <\/h3>\n                        \n                                                    <p class=\"text-lg md:text-xl font-light text-gray-600\">\n                                VD och grundare\n                            <\/p>\n                                            <\/div>\n\n                                            <div class=\"prose prose-lg max-w-none font-light ml-auto\">\n                            <p>VD:n och grundaren av Casas&amp;Reformas, f\u00f6dd i Lappland i norra Finland, har \u00f6ver 30 \u00e5rs erfarenhet inom byggbranschen. Han b\u00f6rjade arbeta i ung \u00e5lder i sitt hemland inom olika sektorer. Senare ledde hans \u00e4ventyrslust honom till att bo i l\u00e4nder som Portugal och USA, tills han best\u00e4mde sig f\u00f6r att sl\u00e5 sig ner p\u00e5 Costa del Sol, f\u00e4ngslad av klimatet, kulturen och de v\u00e4nliga m\u00e4nniskorna.<\/p>\n<p>Som vision\u00e4r och entrepren\u00f6r p\u00e5b\u00f6rjade han gradvis detta projekt f\u00f6r \u00f6ver 15 \u00e5r sedan och har under de senaste 6 \u00e5ren konsoliderat det till ett f\u00f6retag med stark tillv\u00e4xtdrivkraft. Han l\u00e4r sig inte bara att m\u00f6ta kundernas behov, utan \u00f6verraskar dem ocks\u00e5 genom att ge mer \u00e4n de efterfr\u00e5gar \u2013 en effekt som uppn\u00e5s genom att identifiera s\u00e4tt att f\u00f6rb\u00e4ttra produkter och tj\u00e4nster. Kort sagt str\u00e4var han efter excellens.<\/p>\n<p>Vi vill s\u00e4rskilt lyfta fram hans \u00f6dmjukhet och tillg\u00e4nglighet gentemot hela teamet. Han ser sig sj\u00e4lv som en i kollegiet. Han \u00e4gnar sin fritid \u00e5t sport och att njuta av naturen f\u00f6r att komma bort fr\u00e5n bullret och f\u00f6rs\u00f6ker tillbringa s\u00e5 mycket tid som m\u00f6jligt med sin familj.<\/p>\n\n                        <\/div>\n                                    <\/div>\n                    <\/div>\n    <\/div>\n\n    <\/div>\n\n\n<section class=\"1\"\n    style=\"background-color: \">\n    <div class=\"flex flex-col lg:flex-row items-center lg:items-start justify-center py-10 px-4 md:px-6 lg:px-10 container mx-auto gap-8 md:gap-12 lg:gap-20\">\n                                    <div class=\"bg-center bg-cover w-full lg:w-1\/2 overflow-hidden shadow-none rounded-none  aspect-video\"\n                    style=\"background-image: url('https:\/\/casas-reformas.com\/wp-content\/uploads\/2026\/01\/Haza-del-Conde-01.jpg');\"><\/div>\n                    \n                        <div class=\"w-full lg:w-1\/2 flex flex-col items-start text-start justify-start pt-4 gap-4\">\n        \n                    <h2 class=\"text-2xl md:text-3xl lg:text-4xl font-semibold text-foreground\">\n                V\u00e4rderingar\n                <\/h2>\n                <div class=\"prose prose-base md:prose-lg !max-w-screen-lg text-foreground\"><ul>\n<li><strong>N\u00e4ra och personlig service:<\/strong> Engagerade i att v\u00e5ra kunder ska vara n\u00f6jda.<\/li>\n<li><strong>Transparens:<\/strong> \u00c4rlighet och engagemang i v\u00e5ra projekt.<\/li>\n<li><strong>Innovation: <\/strong>Fokus p\u00e5 kvalitet och kontinuerlig f\u00f6rb\u00e4ttring av de utrymmen vi skapar.<\/li>\n<li><strong>Respekt: <\/strong>Vi v\u00e4rdes\u00e4tter m\u00e4nniskor, samh\u00e4llen och milj\u00f6n.<\/li>\n<\/ul>\n<\/div>\n\n        \n            <\/div>\n    <\/div>\n<\/section>\n\n\n<section class=\"1\"\n    style=\"background-color: \">\n    <div class=\"flex flex-col lg:flex-row-reverse items-center lg:items-start justify-center py-10 px-4 md:px-6 lg:px-10 container mx-auto gap-8 md:gap-12 lg:gap-20\">\n                                    <div class=\"bg-center bg-cover w-full lg:w-1\/2 overflow-hidden shadow-none rounded-none  aspect-video\"\n                    style=\"background-image: url('https:\/\/casas-reformas.com\/wp-content\/uploads\/2026\/01\/Lenys-08.jpg');\"><\/div>\n                    \n                        <div class=\"w-full lg:w-1\/2 flex flex-col items-end text-end justify-start pt-4 gap-4\">\n        \n                    <h2 class=\"text-2xl md:text-3xl lg:text-4xl font-semibold text-foreground\">\n                Vision\n                <\/h2>\n                <div class=\"prose prose-base md:prose-lg !max-w-screen-lg text-foreground\"><p>Dagens anstr\u00e4ngning \u00e4r morgondagens framg\u00e5ng. D\u00e4rf\u00f6r vill vi bli ett av de ledande f\u00f6retagen inom byggsektorn p\u00e5 Costa del Sol genom att erbjuda v\u00e5ra kunder de b\u00e4sta alternativen f\u00f6r att bygga ett hem som passar dem. F\u00f6r detta vill vi ha humankapital och samarbetspartners som delar v\u00e5ra v\u00e4rderingar, utvecklas och f\u00f6rnya oss, men alltid med ett engagemang f\u00f6r milj\u00f6n.<\/p>\n<\/div>\n\n        \n            <\/div>\n    <\/div>\n<\/section>\n\n\n<section class=\"1\"\n    style=\"background-color: \">\n    <div class=\"flex flex-col lg:flex-row items-center lg:items-start justify-center py-10 px-4 md:px-6 lg:px-10 container mx-auto gap-8 md:gap-12 lg:gap-20\">\n                                    <div class=\"bg-center bg-cover w-full lg:w-1\/2 overflow-hidden shadow-none rounded-none  aspect-video\"\n                    style=\"background-image: url('https:\/\/casas-reformas.com\/wp-content\/uploads\/2026\/01\/La-Rinconada-06.jpg');\"><\/div>\n                    \n                        <div class=\"w-full lg:w-1\/2 flex flex-col items-start text-start justify-start pt-4 gap-4\">\n        \n                    <h2 class=\"text-2xl md:text-3xl lg:text-4xl font-semibold text-foreground\">\n                Mission\n                <\/h2>\n                <div class=\"prose prose-base md:prose-lg !max-w-screen-lg text-foreground\"><p>V\u00e5r mission \u00e4r att p\u00e5 ett tillfredsst\u00e4llande s\u00e4tt m\u00f6ta v\u00e5ra kunders behov genom att erbjuda en n\u00e4ra och personlig service i framtagningen av projekt, alltid med kvalitetsmaterial och de b\u00e4sta samarbetspartnerna i branschen. Kunden \u00e4r v\u00e5r anledning att finnas, d\u00e4rf\u00f6r tar vi hand om alla detaljer genom kontinuerlig kommunikation. <\/p>\n<\/div>\n\n        \n            <\/div>\n    <\/div>\n<\/section>\n\n\n<section class=\"w-full flex py-8 md:py-12 lg:py-14 xl:py-16 group last:pb-0\">\n\n    <div\n        class=\"w-full grid grid-cols-1 lg:grid-cols-4 border-t-[1px] border-b-[1px] border-foreground group-last:border-b-0\">\n\n                    <div\n                class=\"w-full aspect-auto lg:aspect-[1\/1] flex flex-col items-start lg:items-center justify-center p-6 md:p-10 lg:p-12 xl:p-16 2xl:p-20 relative\">\n                                    <h2 class=\"text-2xl md:text-2xl lg:text-3xl font-bold mb-3 md:mb-4\">BER\u00c4TTA OM DITT PROJEKT<\/h2>\n                \n                                    <div class=\"prose prose-base md:prose-lg max-w-none mb-4 md:mb-6\">\n                        <p>Er vision f\u00f6rtj\u00e4nar en plats som \u00e4r utformad med ett tydligt syfte. Oavsett om det g\u00e4ller nybyggnation eller renovering, <strong>l\u00e5t oss f\u00f6rverkliga era id\u00e9er<\/strong>. <\/p>\n\n                    <\/div>\n                \n                                    <a href=\"\/sv\/kontakt\/\"                         class=\"btn-primary mr-auto mt-6 md:mt-8 lg:mt-10\">\n                        Kontakta oss\n                    <\/a>\n                \n                <div class=\"hidden lg:block w-[1px] h-[95%] bg-foreground absolute right-0\"><\/div>\n            <\/div>\n        \n                    <div class=\"col-span-1 lg:col-span-3 w-full overflow-hidden p-6 md:p-8 lg:p-10\">\n                <div class=\"w-full h-64 md:h-80 lg:h-full relative\">\n\n                    <img decoding=\"async\" src=\"https:\/\/casas-reformas.com\/wp-content\/uploads\/2026\/01\/Lenys-07.jpg\" alt=\"terraza vistas modern\" class=\"absolute inset-0 w-full h-full object-cover\" title=\"\">\n                <\/div>\n            <\/div>\n            <\/div>\n<\/section>\n","protected":false},"excerpt":{"rendered":"","protected":false},"author":1,"featured_media":0,"parent":0,"menu_order":0,"comment_status":"closed","ping_status":"closed","template":"","meta":{"_acf_changed":false,"footnotes":""},"class_list":["post-698","page","type-page","status-publish","hentry"],"acf":[],"_links":{"self":[{"href":"https:\/\/casas-reformas.com\/sv\/wp-json\/wp\/v2\/pages\/698","targetHints":{"allow":["GET"]}}],"collection":[{"href":"https:\/\/casas-reformas.com\/sv\/wp-json\/wp\/v2\/pages"}],"about":[{"href":"https:\/\/casas-reformas.com\/sv\/wp-json\/wp\/v2\/types\/page"}],"author":[{"embeddable":true,"href":"https:\/\/casas-reformas.com\/sv\/wp-json\/wp\/v2\/users\/1"}],"replies":[{"embeddable":true,"href":"https:\/\/casas-reformas.com\/sv\/wp-json\/wp\/v2\/comments?post=698"}],"version-history":[{"count":4,"href":"https:\/\/casas-reformas.com\/sv\/wp-json\/wp\/v2\/pages\/698\/revisions"}],"predecessor-version":[{"id":732,"href":"https:\/\/casas-reformas.com\/sv\/wp-json\/wp\/v2\/pages\/698\/revisions\/732"}],"wp:attachment":[{"href":"https:\/\/casas-reformas.com\/sv\/wp-json\/wp\/v2\/media?parent=698"}],"curies":[{"name":"wp","href":"https:\/\/api.w.org\/{rel}","templated":true}]}}