{"id":647,"date":"2026-01-28T10:51:12","date_gmt":"2026-01-28T09:51:12","guid":{"rendered":"https:\/\/casasyreformas.nubedev.es\/renovering\/"},"modified":"2026-03-18T12:51:10","modified_gmt":"2026-03-18T11:51:10","slug":"renovering","status":"publish","type":"page","link":"https:\/\/casas-reformas.com\/sv\/renovering\/","title":{"rendered":"Renovering"},"content":{"rendered":"<div class=\"hero-block-official w-full flex flex-col relative justify-center min-h-[70vh]\" style=\"background-image: url(https:\/\/casas-reformas.com\/wp-content\/uploads\/2026\/01\/La-Quinta-Hills-01.jpg); background-color: #f8f9fa; background-size: cover; background-position: center; background-repeat: no-repeat;\">\n                <div class=\"absolute inset-0 w-full min-h-[70vh]\" style=\"background-color: #0a0909; opacity: 0.3;\"><\/div>\n        <div class=\"container mx-auto relative z-10 flex flex-col items-center justify-center\">\n                    <h1 class=\"text-5xl font-sans mb-4 text-background\">\n                Renovering\n                <\/h1>\n                            <\/div>\n\n    \n            <div class=\"absolute bottom-0 left-0 z-20 p-6 md:p-10\">\n            <nav class=\"flex items-center text-sm flex-wrap\">\n                                    <a href=\"https:\/\/casas-reformas.com\/sv\/\"\n                        class=\"text-background hover:text-primary transition-colors duration-300\">Home<\/a>\n                    <span class=\"mx-2 text-background opacity-60\">\/<\/span>\n                    <span class=\"text-background\">Renovering<\/span>\n                            <\/nav>\n        <\/div>\n    <\/div>\n<section class=\"1\"\n    style=\"background-color: \">\n    <div class=\"flex flex-col items-center py-10 px-4 md:px-6 lg:px-10 container mx-auto gap-8 md:gap-12 lg:gap-20\">\n        \n                    <div class=\"w-full flex flex-col items-center text-center justify-start pt-4 gap-4\">\n            \n                <div class=\"prose prose-base md:prose-lg !max-w-screen-lg text-foreground\"><p>Vi t\u00e4cker alla typer av renoveringar fr\u00e5n sm\u00e5 utrymmen (badrum, k\u00f6k eller golv) till totalrenoveringar. Efter ett f\u00f6rsta bes\u00f6k i hemmet utv\u00e4rderar Casas &amp; Reformas det arbete som ska utf\u00f6ras och presenterar ett detaljerat erbjudande till kunden. Under genomf\u00f6randeprocessen kommer teknikerna att uppr\u00e4tth\u00e5lla konstant kommunikation med kunden och l\u00e5ta denne delta i projektet f\u00f6r sitt nya hem vid varje tillf\u00e4lle.<\/p>\n<\/div>\n\n        \n            <\/div>\n    <\/div>\n<\/section>\n<section class=\"wp-block-category-project-archive py-8 md:py-12 lg:py-14 xl:py-16\" style=\"\">\n    <div class=\"px-4 md:px-6 lg:px-10\">\n                    \n            <div class=\"grid grid-cols-1 md:grid-cols-2 lg:grid-cols-3 gap-6 md:gap-8 lg:gap-10\">\n                                    <article class=\"project-card group border-t border-foreground pt-6 transition-all\">\n                        \n                        <a href=\"https:\/\/casas-reformas.com\/sv\/portfolio\/la-perla\/\" class=\"block relative overflow-hidden mb-4 aspect-[4\/3]\">\n                                                            <img decoding=\"async\" src=\"https:\/\/casas-reformas.com\/wp-content\/uploads\/2026\/01\/La-Perla-10.jpg\" alt=\"La Perla\" class=\"w-full h-full object-cover transition-transform duration-500 group-hover:scale-105\" title=\"\">\n                                                    <\/a>\n\n                        \n                        <div class=\"flex items-start justify-between gap-4\">\n                            <div class=\"flex-1\">\n                                <h3\n                                    class=\"text-xl md:text-2xl font-bold mb-2 group-hover:text-primary transition-colors\">\n                                    <a href=\"https:\/\/casas-reformas.com\/sv\/portfolio\/la-perla\/\">La Perla<\/a>\n                                <\/h3>\n\n                                                            <\/div>\n\n                            \n                            <a href=\"https:\/\/casas-reformas.com\/sv\/portfolio\/la-perla\/\"\n                                class=\"flex-shrink-0 w-10 h-10 md:w-12 md:h-12 rounded-full border-2 border-foreground flex items-center justify-center group-hover:bg-foreground group-hover:text-background transition-all\">\n                                <svg class=\"w-5 h-5 md:w-6 md:h-6 transform rotate-45\" fill=\"none\"\n                                    stroke=\"currentColor\" viewBox=\"0 0 24 24\">\n                                    <path stroke-linecap=\"round\" stroke-linejoin=\"round\" stroke-width=\"2\"\n                                        d=\"M5 12h14M12 5l7 7-7 7\" \/>\n                                <\/svg>\n                            <\/a>\n                        <\/div>\n                    <\/article>\n                                    <article class=\"project-card group border-t border-foreground pt-6 transition-all\">\n                        \n                        <a href=\"https:\/\/casas-reformas.com\/sv\/portfolio\/la-quinta-hills\/\" class=\"block relative overflow-hidden mb-4 aspect-[4\/3]\">\n                                                            <img decoding=\"async\" src=\"https:\/\/casas-reformas.com\/wp-content\/uploads\/2026\/01\/La-Quinta-Hills-00.jpg\" alt=\"La Quinta Hills\" class=\"w-full h-full object-cover transition-transform duration-500 group-hover:scale-105\" title=\"\">\n                                                    <\/a>\n\n                        \n                        <div class=\"flex items-start justify-between gap-4\">\n                            <div class=\"flex-1\">\n                                <h3\n                                    class=\"text-xl md:text-2xl font-bold mb-2 group-hover:text-primary transition-colors\">\n                                    <a href=\"https:\/\/casas-reformas.com\/sv\/portfolio\/la-quinta-hills\/\">La Quinta Hills<\/a>\n                                <\/h3>\n\n                                                            <\/div>\n\n                            \n                            <a href=\"https:\/\/casas-reformas.com\/sv\/portfolio\/la-quinta-hills\/\"\n                                class=\"flex-shrink-0 w-10 h-10 md:w-12 md:h-12 rounded-full border-2 border-foreground flex items-center justify-center group-hover:bg-foreground group-hover:text-background transition-all\">\n                                <svg class=\"w-5 h-5 md:w-6 md:h-6 transform rotate-45\" fill=\"none\"\n                                    stroke=\"currentColor\" viewBox=\"0 0 24 24\">\n                                    <path stroke-linecap=\"round\" stroke-linejoin=\"round\" stroke-width=\"2\"\n                                        d=\"M5 12h14M12 5l7 7-7 7\" \/>\n                                <\/svg>\n                            <\/a>\n                        <\/div>\n                    <\/article>\n                                    <article class=\"project-card group border-t border-foreground pt-6 transition-all\">\n                        \n                        <a href=\"https:\/\/casas-reformas.com\/sv\/portfolio\/la-rinconada\/\" class=\"block relative overflow-hidden mb-4 aspect-[4\/3]\">\n                                                            <img decoding=\"async\" src=\"https:\/\/casas-reformas.com\/wp-content\/uploads\/2026\/01\/La-Rinconada-06.jpg\" alt=\"La Rinconada\" class=\"w-full h-full object-cover transition-transform duration-500 group-hover:scale-105\" title=\"\">\n                                                    <\/a>\n\n                        \n                        <div class=\"flex items-start justify-between gap-4\">\n                            <div class=\"flex-1\">\n                                <h3\n                                    class=\"text-xl md:text-2xl font-bold mb-2 group-hover:text-primary transition-colors\">\n                                    <a href=\"https:\/\/casas-reformas.com\/sv\/portfolio\/la-rinconada\/\">La Rinconada<\/a>\n                                <\/h3>\n\n                                                            <\/div>\n\n                            \n                            <a href=\"https:\/\/casas-reformas.com\/sv\/portfolio\/la-rinconada\/\"\n                                class=\"flex-shrink-0 w-10 h-10 md:w-12 md:h-12 rounded-full border-2 border-foreground flex items-center justify-center group-hover:bg-foreground group-hover:text-background transition-all\">\n                                <svg class=\"w-5 h-5 md:w-6 md:h-6 transform rotate-45\" fill=\"none\"\n                                    stroke=\"currentColor\" viewBox=\"0 0 24 24\">\n                                    <path stroke-linecap=\"round\" stroke-linejoin=\"round\" stroke-width=\"2\"\n                                        d=\"M5 12h14M12 5l7 7-7 7\" \/>\n                                <\/svg>\n                            <\/a>\n                        <\/div>\n                    <\/article>\n                                    <article class=\"project-card group border-t border-foreground pt-6 transition-all\">\n                        \n                        <a href=\"https:\/\/casas-reformas.com\/sv\/portfolio\/monte-paraiso\/\" class=\"block relative overflow-hidden mb-4 aspect-[4\/3]\">\n                                                            <img decoding=\"async\" src=\"https:\/\/casas-reformas.com\/wp-content\/uploads\/2026\/01\/Monte-Paraiso-00.jpg\" alt=\"Monte Para\u00edso\" class=\"w-full h-full object-cover transition-transform duration-500 group-hover:scale-105\" title=\"\">\n                                                    <\/a>\n\n                        \n                        <div class=\"flex items-start justify-between gap-4\">\n                            <div class=\"flex-1\">\n                                <h3\n                                    class=\"text-xl md:text-2xl font-bold mb-2 group-hover:text-primary transition-colors\">\n                                    <a href=\"https:\/\/casas-reformas.com\/sv\/portfolio\/monte-paraiso\/\">Monte Para\u00edso<\/a>\n                                <\/h3>\n\n                                                            <\/div>\n\n                            \n                            <a href=\"https:\/\/casas-reformas.com\/sv\/portfolio\/monte-paraiso\/\"\n                                class=\"flex-shrink-0 w-10 h-10 md:w-12 md:h-12 rounded-full border-2 border-foreground flex items-center justify-center group-hover:bg-foreground group-hover:text-background transition-all\">\n                                <svg class=\"w-5 h-5 md:w-6 md:h-6 transform rotate-45\" fill=\"none\"\n                                    stroke=\"currentColor\" viewBox=\"0 0 24 24\">\n                                    <path stroke-linecap=\"round\" stroke-linejoin=\"round\" stroke-width=\"2\"\n                                        d=\"M5 12h14M12 5l7 7-7 7\" \/>\n                                <\/svg>\n                            <\/a>\n                        <\/div>\n                    <\/article>\n                                    <article class=\"project-card group border-t border-foreground pt-6 transition-all\">\n                        \n                        <a href=\"https:\/\/casas-reformas.com\/sv\/portfolio\/villa-pacific\/\" class=\"block relative overflow-hidden mb-4 aspect-[4\/3]\">\n                                                            <img decoding=\"async\" src=\"https:\/\/casas-reformas.com\/wp-content\/uploads\/2026\/01\/Villa-Pacific-00.jpg\" alt=\"Villa Pacific\" class=\"w-full h-full object-cover transition-transform duration-500 group-hover:scale-105\" title=\"\">\n                                                    <\/a>\n\n                        \n                        <div class=\"flex items-start justify-between gap-4\">\n                            <div class=\"flex-1\">\n                                <h3\n                                    class=\"text-xl md:text-2xl font-bold mb-2 group-hover:text-primary transition-colors\">\n                                    <a href=\"https:\/\/casas-reformas.com\/sv\/portfolio\/villa-pacific\/\">Villa Pacific<\/a>\n                                <\/h3>\n\n                                                            <\/div>\n\n                            \n                            <a href=\"https:\/\/casas-reformas.com\/sv\/portfolio\/villa-pacific\/\"\n                                class=\"flex-shrink-0 w-10 h-10 md:w-12 md:h-12 rounded-full border-2 border-foreground flex items-center justify-center group-hover:bg-foreground group-hover:text-background transition-all\">\n                                <svg class=\"w-5 h-5 md:w-6 md:h-6 transform rotate-45\" fill=\"none\"\n                                    stroke=\"currentColor\" viewBox=\"0 0 24 24\">\n                                    <path stroke-linecap=\"round\" stroke-linejoin=\"round\" stroke-width=\"2\"\n                                        d=\"M5 12h14M12 5l7 7-7 7\" \/>\n                                <\/svg>\n                            <\/a>\n                        <\/div>\n                    <\/article>\n                            <\/div>\n            <\/div>\n<\/section>\n","protected":false},"excerpt":{"rendered":"","protected":false},"author":1,"featured_media":0,"parent":0,"menu_order":0,"comment_status":"closed","ping_status":"closed","template":"","meta":{"_acf_changed":false,"footnotes":""},"class_list":["post-647","page","type-page","status-publish","hentry"],"acf":[],"_links":{"self":[{"href":"https:\/\/casas-reformas.com\/sv\/wp-json\/wp\/v2\/pages\/647","targetHints":{"allow":["GET"]}}],"collection":[{"href":"https:\/\/casas-reformas.com\/sv\/wp-json\/wp\/v2\/pages"}],"about":[{"href":"https:\/\/casas-reformas.com\/sv\/wp-json\/wp\/v2\/types\/page"}],"author":[{"embeddable":true,"href":"https:\/\/casas-reformas.com\/sv\/wp-json\/wp\/v2\/users\/1"}],"replies":[{"embeddable":true,"href":"https:\/\/casas-reformas.com\/sv\/wp-json\/wp\/v2\/comments?post=647"}],"version-history":[{"count":1,"href":"https:\/\/casas-reformas.com\/sv\/wp-json\/wp\/v2\/pages\/647\/revisions"}],"predecessor-version":[{"id":648,"href":"https:\/\/casas-reformas.com\/sv\/wp-json\/wp\/v2\/pages\/647\/revisions\/648"}],"wp:attachment":[{"href":"https:\/\/casas-reformas.com\/sv\/wp-json\/wp\/v2\/media?parent=647"}],"curies":[{"name":"wp","href":"https:\/\/api.w.org\/{rel}","templated":true}]}}