{"id":632,"date":"2026-01-27T11:40:17","date_gmt":"2026-01-27T10:40:17","guid":{"rendered":"https:\/\/casasyreformas.nubedev.es\/var-kvalitet\/"},"modified":"2026-03-18T14:20:47","modified_gmt":"2026-03-18T13:20:47","slug":"var-kvalitet","status":"publish","type":"page","link":"https:\/\/casas-reformas.com\/sv\/var-kvalitet\/","title":{"rendered":"V\u00e5r kvalitet"},"content":{"rendered":"<div class=\"hero-block-official w-full flex flex-col relative justify-center min-h-[70vh]\" style=\"background-image: url(https:\/\/casas-reformas.com\/wp-content\/uploads\/2026\/01\/Villa-Pacific-01.jpg); background-color: #f8f9fa; background-size: cover; background-position: center; background-repeat: no-repeat;\">\n                <div class=\"absolute inset-0 w-full min-h-[70vh]\" style=\"background-color: #0a0909; opacity: 0.3;\"><\/div>\n        <div class=\"container mx-auto relative z-10 flex flex-col items-center justify-center\">\n                    <h1 class=\"text-5xl font-sans mb-4 text-background\">\n                V\u00e5r kvalitet\n                <\/h1>\n                            <\/div>\n\n    \n            <div class=\"absolute bottom-0 left-0 z-20 p-6 md:p-10\">\n            <nav class=\"flex items-center text-sm flex-wrap\">\n                                    <a href=\"https:\/\/casas-reformas.com\/sv\/\"\n                        class=\"text-background hover:text-primary transition-colors duration-300\">Home<\/a>\n                    <span class=\"mx-2 text-background opacity-60\">\/<\/span>\n                    <span class=\"text-background\">V\u00e5r kvalitet<\/span>\n                            <\/nav>\n        <\/div>\n    <\/div>\n\n\n<section class=\"1\"\n    style=\"background-color: \">\n    <div class=\"flex flex-col items-center py-10 px-4 md:px-6 lg:px-10 container mx-auto gap-8 md:gap-12 lg:gap-20\">\n        \n                    <div class=\"w-full flex flex-col items-center text-center justify-start pt-4 gap-4\">\n            \n                    <h2 class=\"text-2xl md:text-3xl lg:text-4xl font-semibold text-foreground\">\n                Varf\u00f6r Casas &amp; Reformas\n                <\/h2>\n                <div class=\"prose prose-base md:prose-lg !max-w-screen-lg text-foreground\"><p>Efter mer \u00e4n 500 genomf\u00f6rda projekt \u2013 renovering, rehabilitering och nybyggnation \u2013 kan vi konstatera att v\u00e5r erfarenhet och kunskap \u00e4r grunden f\u00f6r den excellens som pr\u00e4glar leveransen av v\u00e5ra projekt.<\/p>\n<p>F\u00f6r kunderna \u00e4r det viktigaste kommunikation och f\u00f6rtroende. D\u00e4rf\u00f6r uppr\u00e4tth\u00e5ller Casas &amp; Reformas kontinuerlig kontakt under genomf\u00f6randefasen, b\u00e5de i utformningen, valet av material och kvalitetskontrollen av arbetena, s\u00e5 att projektet genomf\u00f6rs utifr\u00e5n varje kunds behov.<\/p>\n<\/div>\n\n        \n            <\/div>\n    <\/div>\n<\/section>\n\n\n<section class=\"1\"\n    style=\"background-color: \">\n    <div class=\"flex flex-col lg:flex-row items-center lg:items-start justify-center py-10 px-4 md:px-6 lg:px-10 container mx-auto gap-8 md:gap-12 lg:gap-20\">\n                                    <div class=\"bg-center bg-cover w-full lg:w-1\/2 overflow-hidden shadow-none rounded-none  aspect-video\"\n                    style=\"background-image: url('https:\/\/casas-reformas.com\/wp-content\/uploads\/2026\/01\/IMG_7379-2.jpeg');\"><\/div>\n                    \n                        <div class=\"w-full lg:w-1\/2 flex flex-col items-start text-start justify-start pt-4 gap-4\">\n        \n                    <h2 class=\"text-2xl md:text-3xl lg:text-4xl font-semibold text-foreground\">\n                V\u00e4rderingar\n                <\/h2>\n                <div class=\"prose prose-base md:prose-lg !max-w-screen-lg text-foreground\"><p>I enlighet med filosofin om kontinuerliga f\u00f6rb\u00e4ttringar har Casas &amp; Reformas valt att leda f\u00f6retaget genom ett system baserat p\u00e5 standarden UNE-EN-ISO 9001, vars m\u00e5l \u00e4r kvaliteten i de tj\u00e4nster som tillhandah\u00e5lls. Genom detta dokument publicerar f\u00f6retaget sin kvalitetspolicy, som ing\u00e5r i organisationens strategi, och tillhandah\u00e5ller de resurser som kr\u00e4vs f\u00f6r att uppn\u00e5 f\u00f6ljande m\u00e5l: <\/p>\n<\/div>\n\n                    <div class=\"cta-extended-text hidden prose prose-base md:prose-lg !max-w-screen-lg text-foreground\">\n                <ul>\n<li>Konfigurera och tillhandah\u00e5lla organisationens struktur i dokument\u00e4ra, tekniska, produktiva och administrativa avseenden f\u00f6r att s\u00e4kerst\u00e4lla att kundernas behov uppfylls i alla v\u00e5ra produkter och tj\u00e4nster.<\/li>\n<li>Uppfylla till\u00e4mpliga lagar och regulatoriska krav samt andra krav som organisationen kan \u00e5ta sig.<\/li>\n<li>Styra organisationens verksamhet f\u00f6r att uppn\u00e5 h\u00f6gsta m\u00f6jliga niv\u00e5 av kundn\u00f6jdhet genom ett personligt bem\u00f6tande utifr\u00e5n kundens behov.<\/li>\n<li>S\u00e4kerst\u00e4lla delaktighet och engagemang fr\u00e5n all organisationens personal i uppfyllandet och utvecklingen av det integrerade ledningssystemet.<\/li>\n<li>S\u00e4kerst\u00e4lla att \u00e5tagandet om kontinuerliga f\u00f6rb\u00e4ttringar \u00e4r tydligt f\u00f6rst\u00e5tt och accepterat av alla medarbetare, som ett avg\u00f6rande s\u00e4tt att s\u00e4kerst\u00e4lla f\u00f6retagets konkurrenskraft och ge maximal kundn\u00f6jdhet.<\/li>\n<li>\u00d6ka och f\u00f6rb\u00e4ttra den interna kommunikationen f\u00f6r att optimera samordningen mellan personer och avdelningar. Denna kvalitetspolicy \u00e4r obligatorisk f\u00f6r alla anst\u00e4llda i CASAS Y REFORMAS 2012, S.L. <\/li>\n<\/ul>\n<p>Ledningen f\u00f6r CASAS Y REFORMAS 2012, S.L. kommer \u00e5rligen att se \u00f6ver ledningspolicyn f\u00f6r att s\u00e4kerst\u00e4lla att den fortsatt \u00e4r relevant och \u00e4ndam\u00e5lsenlig, f\u00f6resl\u00e5 genomf\u00f6rbara m\u00e5l och delm\u00e5l f\u00f6r att oms\u00e4tta denna policy samt kontinuerligt f\u00f6rb\u00e4ttra det implementerade ledningssystemet.<\/p>\n<\/div>\n            <button type=\"button\"\n                class=\"cta-toggle-button text-sm font-medium underline text-foreground hover:no-underline transition-all\">\n                <span class=\"cta-read-more btn-primary no-arrow\">L\u00e4s mer<\/span>\n                <span class=\"cta-read-less hidden btn-primary no-arrow\">L\u00e4s mindre<\/span>\n            <\/button>\n        \n            <\/div>\n    <\/div>\n<\/section>\n\n\n<section class=\"wp-block-colaboradores py-8 md:py-12 lg:py-14 xl:py-16\" style=\"\">\n    <div class=\"px-4 md:px-6 lg:px-10\">\n        \n                    <h2 class=\"text-3xl md:text-4xl lg:text-5xl font-bold text-center mb-8 md:mb-12\">\n                Samarbetspartner\n            <\/h2>\n        \n        \n                    <div class=\"flex flex-row items-center justify-center flex-wrap gap-6 md:gap-8 lg:gap-10 max-w-7xl mx-auto\">\n                                                                                        <div class=\"flex items-center justify-center\">\n                                <img decoding=\"async\" src=\"https:\/\/casas-reformas.com\/wp-content\/uploads\/2026\/01\/colaboradores-04.png\" alt=\"colaboradores\" class=\"h-8 md:h-10 lg:h-12 w-auto object-contain opacity-70\" loading=\"lazy\" title=\"\">\n                            <\/div>\n                                                                                                                                    <a href=\"http:\/\/www.fernandomoreno.es\/\" target=\"_blank\" rel=\"noopener noreferrer\" class=\"flex items-center justify-center\">\n                                <img decoding=\"async\" src=\"https:\/\/casas-reformas.com\/wp-content\/uploads\/2026\/01\/logofernandomoreno-2.gif\" alt=\"colaboradores\" class=\"h-8 md:h-10 lg:h-12 w-auto object-contain opacity-70 hover:opacity-100 transition-opacity duration-300\" loading=\"lazy\" title=\"\">\n                            <\/a>\n                                                                                                                                    <a href=\"http:\/\/www.puya.es\/\" target=\"_blank\" rel=\"noopener noreferrer\" class=\"flex items-center justify-center\">\n                                <img decoding=\"async\" src=\"https:\/\/casas-reformas.com\/wp-content\/uploads\/2026\/01\/PUYA-logotipo-web-2.png\" alt=\"colaboradores\" class=\"h-8 md:h-10 lg:h-12 w-auto object-contain opacity-70 hover:opacity-100 transition-opacity duration-300\" loading=\"lazy\" title=\"\">\n                            <\/a>\n                                                                                                                                    <a href=\"http:\/\/www.tuinsa.es\/\" target=\"_blank\" rel=\"noopener noreferrer\" class=\"flex items-center justify-center\">\n                                <img decoding=\"async\" src=\"https:\/\/casas-reformas.com\/wp-content\/uploads\/2026\/01\/colaboradores-03.png\" alt=\"colaboradores\" class=\"h-8 md:h-10 lg:h-12 w-auto object-contain opacity-70 hover:opacity-100 transition-opacity duration-300\" loading=\"lazy\" title=\"\">\n                            <\/a>\n                                                                                                                                    <a href=\"https:\/\/www.keraben.com\/\" target=\"_blank\" rel=\"noopener noreferrer\" class=\"flex items-center justify-center\">\n                                <img decoding=\"async\" src=\"https:\/\/casas-reformas.com\/wp-content\/uploads\/2026\/01\/colaboradores-01.png\" alt=\"colaboradores\" class=\"h-8 md:h-10 lg:h-12 w-auto object-contain opacity-70 hover:opacity-100 transition-opacity duration-300\" loading=\"lazy\" title=\"\">\n                            <\/a>\n                                                                                                                                    <a href=\"https:\/\/storeyinterior.com\/en\/home\/\" target=\"_blank\" rel=\"noopener noreferrer\" class=\"flex items-center justify-center\">\n                                <img decoding=\"async\" src=\"https:\/\/casas-reformas.com\/wp-content\/uploads\/2026\/01\/colaboradores-02.png\" alt=\"colaboradores\" class=\"h-8 md:h-10 lg:h-12 w-auto object-contain opacity-70 hover:opacity-100 transition-opacity duration-300\" loading=\"lazy\" title=\"\">\n                            <\/a>\n                                                                                                                                    <a href=\"http:\/\/pavymas.es\/\" target=\"_blank\" rel=\"noopener noreferrer\" class=\"flex items-center justify-center\">\n                                <img decoding=\"async\" src=\"https:\/\/casas-reformas.com\/wp-content\/uploads\/2026\/01\/colaboradores-10.png\" alt=\"colaboradores\" class=\"h-8 md:h-10 lg:h-12 w-auto object-contain opacity-70 hover:opacity-100 transition-opacity duration-300\" loading=\"lazy\" title=\"\">\n                            <\/a>\n                                                                                                                                    <a href=\"https:\/\/www.newker.com\/es\" target=\"_blank\" rel=\"noopener noreferrer\" class=\"flex items-center justify-center\">\n                                <img decoding=\"async\" src=\"https:\/\/casas-reformas.com\/wp-content\/uploads\/2026\/01\/colaboradores-09.png\" alt=\"colaboradores\" class=\"h-8 md:h-10 lg:h-12 w-auto object-contain opacity-70 hover:opacity-100 transition-opacity duration-300\" loading=\"lazy\" title=\"\">\n                            <\/a>\n                                                                                                                                    <a href=\"https:\/\/www.home-design.schmidt\/es-es\/tienda-schmidt\/0003001023-fuengirola-mijas-costa\" target=\"_blank\" rel=\"noopener noreferrer\" class=\"flex items-center justify-center\">\n                                <img decoding=\"async\" src=\"https:\/\/casas-reformas.com\/wp-content\/uploads\/2026\/01\/colaboradores-08.png\" alt=\"colaboradores\" class=\"h-8 md:h-10 lg:h-12 w-auto object-contain opacity-70 hover:opacity-100 transition-opacity duration-300\" loading=\"lazy\" title=\"\">\n                            <\/a>\n                                                                                                                                    <div class=\"flex items-center justify-center\">\n                                <img decoding=\"async\" src=\"https:\/\/casas-reformas.com\/wp-content\/uploads\/2026\/01\/colaboradores-07.png\" alt=\"colaboradores\" class=\"h-8 md:h-10 lg:h-12 w-auto object-contain opacity-70\" loading=\"lazy\" title=\"\">\n                            <\/div>\n                                                                                                                                    <a href=\"http:\/\/www.topcret.com\/\" target=\"_blank\" rel=\"noopener noreferrer\" class=\"flex items-center justify-center\">\n                                <img decoding=\"async\" src=\"https:\/\/casas-reformas.com\/wp-content\/uploads\/2026\/01\/colaboradores-06.png\" alt=\"colaboradores\" class=\"h-8 md:h-10 lg:h-12 w-auto object-contain opacity-70 hover:opacity-100 transition-opacity duration-300\" loading=\"lazy\" title=\"\">\n                            <\/a>\n                                                                                                                                    <a href=\"http:\/\/www.aluminiossanpedro.com\/\" target=\"_blank\" rel=\"noopener noreferrer\" class=\"flex items-center justify-center\">\n                                <img decoding=\"async\" src=\"https:\/\/casas-reformas.com\/wp-content\/uploads\/2026\/01\/colaboradores-05.png\" alt=\"colaboradores\" class=\"h-8 md:h-10 lg:h-12 w-auto object-contain opacity-70 hover:opacity-100 transition-opacity duration-300\" loading=\"lazy\" title=\"\">\n                            <\/a>\n                                                                        <\/div>\n            <\/div>\n<\/section>\n\n\n<section class=\"w-full flex py-8 md:py-12 lg:py-14 xl:py-16 group last:pb-0\">\n\n    <div\n        class=\"w-full grid grid-cols-1 lg:grid-cols-4 border-t-[1px] border-b-[1px] border-foreground group-last:border-b-0\">\n\n                    <div\n                class=\"w-full aspect-auto lg:aspect-[1\/1] flex flex-col items-start lg:items-center justify-center p-6 md:p-10 lg:p-12 xl:p-16 2xl:p-20 relative\">\n                                    <h2 class=\"text-2xl md:text-2xl lg:text-3xl font-bold mb-3 md:mb-4\">BER\u00c4TTA OM ERT PROJEKT<\/h2>\n                \n                                    <div class=\"prose prose-base md:prose-lg max-w-none mb-4 md:mb-6\">\n                        <p>Er vision f\u00f6rtj\u00e4nar en plats som \u00e4r utformad med ett tydligt syfte. Oavsett om det g\u00e4ller nybyggnation eller renovering, <strong>l\u00e5t oss f\u00f6rverkliga era id\u00e9er<\/strong>.<\/p>\n\n                    <\/div>\n                \n                                    <a href=\"\/sv\/kontakt\/\"                         class=\"btn-primary mr-auto mt-6 md:mt-8 lg:mt-10\">\n                        Kontakta oss\n                    <\/a>\n                \n                <div class=\"hidden lg:block w-[1px] h-[95%] bg-foreground absolute right-0\"><\/div>\n            <\/div>\n        \n                    <div class=\"col-span-1 lg:col-span-3 w-full overflow-hidden p-6 md:p-8 lg:p-10\">\n                <div class=\"w-full h-64 md:h-80 lg:h-full relative\">\n\n                    <img decoding=\"async\" src=\"https:\/\/casas-reformas.com\/wp-content\/uploads\/2026\/01\/Lenys-07.jpg\" alt=\"terraza vistas modern\" class=\"absolute inset-0 w-full h-full object-cover\" title=\"\">\n                <\/div>\n            <\/div>\n            <\/div>\n<\/section>\n","protected":false},"excerpt":{"rendered":"","protected":false},"author":1,"featured_media":0,"parent":0,"menu_order":0,"comment_status":"closed","ping_status":"closed","template":"","meta":{"_acf_changed":false,"footnotes":""},"class_list":["post-632","page","type-page","status-publish","hentry"],"acf":[],"_links":{"self":[{"href":"https:\/\/casas-reformas.com\/sv\/wp-json\/wp\/v2\/pages\/632","targetHints":{"allow":["GET"]}}],"collection":[{"href":"https:\/\/casas-reformas.com\/sv\/wp-json\/wp\/v2\/pages"}],"about":[{"href":"https:\/\/casas-reformas.com\/sv\/wp-json\/wp\/v2\/types\/page"}],"author":[{"embeddable":true,"href":"https:\/\/casas-reformas.com\/sv\/wp-json\/wp\/v2\/users\/1"}],"replies":[{"embeddable":true,"href":"https:\/\/casas-reformas.com\/sv\/wp-json\/wp\/v2\/comments?post=632"}],"version-history":[{"count":2,"href":"https:\/\/casas-reformas.com\/sv\/wp-json\/wp\/v2\/pages\/632\/revisions"}],"predecessor-version":[{"id":731,"href":"https:\/\/casas-reformas.com\/sv\/wp-json\/wp\/v2\/pages\/632\/revisions\/731"}],"wp:attachment":[{"href":"https:\/\/casas-reformas.com\/sv\/wp-json\/wp\/v2\/media?parent=632"}],"curies":[{"name":"wp","href":"https:\/\/api.w.org\/{rel}","templated":true}]}}