{"id":626,"date":"2026-01-21T15:55:41","date_gmt":"2026-01-21T14:55:41","guid":{"rendered":"https:\/\/casasyreformas.nubedev.es\/rattsligt-meddelande\/"},"modified":"2026-03-18T14:15:13","modified_gmt":"2026-03-18T13:15:13","slug":"rattsligt-meddelande","status":"publish","type":"page","link":"https:\/\/casas-reformas.com\/sv\/rattsligt-meddelande\/","title":{"rendered":"R\u00e4ttsligt meddelande"},"content":{"rendered":"<div class=\"hero-block-official w-full flex flex-col relative justify-center min-h-[70vh]\" style=\"background-image: url(https:\/\/casas-reformas.com\/wp-content\/uploads\/2026\/01\/Villa-Pacific-05.jpg); background-color: #f8f9fa; background-size: cover; background-position: center; background-repeat: no-repeat;\">\n                <div class=\"absolute inset-0 w-full min-h-[70vh]\" style=\"background-color: #0a0909; opacity: 0.3;\"><\/div>\n        <div class=\"container mx-auto relative z-10 flex flex-col items-center justify-center\">\n                    <h1 class=\"text-5xl font-sans mb-4 text-background\">\n                R\u00e4ttsligt meddelande\n                <\/h1>\n                            <\/div>\n\n    \n            <div class=\"absolute bottom-0 left-0 z-20 p-6 md:p-10\">\n            <nav class=\"flex items-center text-sm flex-wrap\">\n                                    <a href=\"https:\/\/casas-reformas.com\/sv\/\"\n                        class=\"text-background hover:text-primary transition-colors duration-300\">Home<\/a>\n                    <span class=\"mx-2 text-background opacity-60\">\/<\/span>\n                    <span class=\"text-background\">R\u00e4ttsligt meddelande<\/span>\n                            <\/nav>\n        <\/div>\n    <\/div>\n\n\n<section class=\"container mx-auto py-10 2xl:px-0 xl:px-20 px-10\">\n    \n            <div class=\"prose prose-base max-w-full\">\n            <p>\u201cI enlighet med den allm\u00e4nna dataskyddsf\u00f6rordningen (EU) 2016\/679 fr\u00e5n Europaparlamentet och r\u00e5det, av den 27 april 2016, samt organisk lag 3\/2018 av den 5 december om skydd av personuppgifter och garanti f\u00f6r digitala r\u00e4ttigheter, informerar vi dig om att de personuppgifter som tillhandah\u00e5lls kommer att behandlas av CASAS Y REFORMAS 2012 S.L. med momsnummer B93205557, med adress i SAN PEDRO ALCANTARA (MALAGA), C.P. 29670, CALLE CALLE DR. ESTEBAN SAN MATEOS N\u00ba 11, PLANTA 1, PUERTA IZQUIERDA, f\u00f6r att tillhandah\u00e5lla den beg\u00e4rda tj\u00e4nsten och fakturera den. Den r\u00e4ttsliga grunden f\u00f6r behandlingen av dina personuppgifter \u00e4r utf\u00f6randet av den avtalade tj\u00e4nsten. Framtida erbjudanden av produkter och tj\u00e4nster kommer att baseras p\u00e5 det beg\u00e4rda samtycket, och vid \u00e5terkallande av detta samtycke skulle detta aldrig villkora utf\u00f6randet av avtalet.\u201d<\/p>\n<p>De uppgifter som l\u00e4mnas kommer att sparas s\u00e5 l\u00e4nge aff\u00e4rsrelationen uppr\u00e4tth\u00e5lls eller under de \u00e5r som kr\u00e4vs f\u00f6r att uppfylla lagliga skyldigheter. Uppgifterna kommer inte att \u00f6verf\u00f6ras till tredje part utom i de fall d\u00e4r det finns en laglig skyldighet.<\/p>\n<p>Du har r\u00e4tt att f\u00e5 bekr\u00e4ftelse p\u00e5 om vi behandlar dina personuppgifter under CASAS Y REFORMAS 2012 S.L. eller inte, och du har d\u00e4rf\u00f6r r\u00e4tt att ut\u00f6va dina r\u00e4ttigheter till tillg\u00e5ng, r\u00e4ttelse, begr\u00e4nsning av behandling, dataportabilitet, inv\u00e4ndning mot behandling och radering av dina uppgifter genom att skriva till den ovan n\u00e4mnda postadressen eller e-postadressen info@casas-reformas.com, bifoga en kopia av ID-kortet i b\u00e5da fallen, samt r\u00e4tten att l\u00e4mna in ett klagom\u00e5l till tillsynsmyndigheten (aepd.es).<\/p>\n<p>Vi beg\u00e4r ocks\u00e5 tillst\u00e5nd att erbjuda dig produkter och tj\u00e4nster relaterade till de som beg\u00e4rts, utf\u00f6rts och\/eller marknadsf\u00f6rts av v\u00e5rt f\u00f6retag, vilket g\u00f6r att vi kan beh\u00e5lla dig som kund.<\/p>\n\n        <\/div>\n    \n<\/section>\n","protected":false},"excerpt":{"rendered":"","protected":false},"author":1,"featured_media":0,"parent":0,"menu_order":0,"comment_status":"closed","ping_status":"closed","template":"","meta":{"_acf_changed":false,"footnotes":""},"class_list":["post-626","page","type-page","status-publish","hentry"],"acf":[],"_links":{"self":[{"href":"https:\/\/casas-reformas.com\/sv\/wp-json\/wp\/v2\/pages\/626","targetHints":{"allow":["GET"]}}],"collection":[{"href":"https:\/\/casas-reformas.com\/sv\/wp-json\/wp\/v2\/pages"}],"about":[{"href":"https:\/\/casas-reformas.com\/sv\/wp-json\/wp\/v2\/types\/page"}],"author":[{"embeddable":true,"href":"https:\/\/casas-reformas.com\/sv\/wp-json\/wp\/v2\/users\/1"}],"replies":[{"embeddable":true,"href":"https:\/\/casas-reformas.com\/sv\/wp-json\/wp\/v2\/comments?post=626"}],"version-history":[{"count":2,"href":"https:\/\/casas-reformas.com\/sv\/wp-json\/wp\/v2\/pages\/626\/revisions"}],"predecessor-version":[{"id":724,"href":"https:\/\/casas-reformas.com\/sv\/wp-json\/wp\/v2\/pages\/626\/revisions\/724"}],"wp:attachment":[{"href":"https:\/\/casas-reformas.com\/sv\/wp-json\/wp\/v2\/media?parent=626"}],"curies":[{"name":"wp","href":"https:\/\/api.w.org\/{rel}","templated":true}]}}