{"id":616,"date":"2026-01-21T15:56:04","date_gmt":"2026-01-21T14:56:04","guid":{"rendered":"https:\/\/casasyreformas.nubedev.es\/cookiepolicy\/"},"modified":"2026-03-18T14:15:18","modified_gmt":"2026-03-18T13:15:18","slug":"cookiepolicy","status":"publish","type":"page","link":"https:\/\/casas-reformas.com\/sv\/cookiepolicy\/","title":{"rendered":"Cookiepolicy"},"content":{"rendered":"<div class=\"hero-block-official w-full flex flex-col relative justify-center min-h-[70vh]\" style=\"background-image: url(https:\/\/casas-reformas.com\/wp-content\/uploads\/2026\/01\/La-Rinconada-03.jpg); background-color: #f8f9fa; background-size: cover; background-position: center; background-repeat: no-repeat;\">\n                <div class=\"absolute inset-0 w-full min-h-[70vh]\" style=\"background-color: #0a0909; opacity: 0.3;\"><\/div>\n        <div class=\"container mx-auto relative z-10 flex flex-col items-center justify-center\">\n                    <h1 class=\"text-5xl font-sans mb-4 text-background\">\n                Cookiepolicy\n                <\/h1>\n                            <\/div>\n\n    \n            <div class=\"absolute bottom-0 left-0 z-20 p-6 md:p-10\">\n            <nav class=\"flex items-center text-sm flex-wrap\">\n                                    <a href=\"https:\/\/casas-reformas.com\/sv\/\"\n                        class=\"text-background hover:text-primary transition-colors duration-300\">Home<\/a>\n                    <span class=\"mx-2 text-background opacity-60\">\/<\/span>\n                    <span class=\"text-background\">Cookiepolicy<\/span>\n                            <\/nav>\n        <\/div>\n    <\/div>\n\n\n<section class=\"container mx-auto py-10 2xl:px-0 xl:px-20 px-10\">\n    \n            <div class=\"prose prose-base max-w-full\">\n            <h5><strong>Cookiepolicy<\/strong><\/h5>\n<p><em>Casas &amp; Reformas<\/em> har utvecklat denna policy f\u00f6r att informera er om att denna webbplats anv\u00e4nder cookies f\u00f6r att erbjuda er en surfupplevelse anpassad efter era behov och optimera prestandan. Casas &amp; Reformas anv\u00e4nder cookies p\u00e5 ett helt ansvarsfullt och icke-p\u00e5tr\u00e4ngande s\u00e4tt, och eftersom vi \u00e4r angel\u00e4gna om er integritet vill vi informera er om hur vi anv\u00e4nder dem och vilka alternativ ni som anv\u00e4ndare har f\u00f6r att hantera dem. <\/p>\n<h5><strong>Vad \u00e4r cookies?<\/strong><\/h5>\n<p>En cookie \u00e4r en fil som laddas ner till er dator n\u00e4r ni bes\u00f6ker vissa webbsidor. Cookies g\u00f6r det m\u00f6jligt f\u00f6r en webbsida att bland annat lagra och h\u00e4mta information om surfvanorna hos en anv\u00e4ndare av er dator och, beroende p\u00e5 vilken information de inneh\u00e5ller och hur ni anv\u00e4nder er dator, kan de anv\u00e4ndas f\u00f6r att k\u00e4nna igen anv\u00e4ndarnamnet. <\/p>\n<p>Cookies kan vara &#8221;sessionscookies&#8221;, vilket inneb\u00e4r att de raderas n\u00e4r anv\u00e4ndaren l\u00e4mnar webbsidan som genererade dem, eller &#8221;permanenta&#8221;, som finns kvar p\u00e5 er dator till ett visst datum.<\/p>\n<h5><strong>Vilka typer av cookies anv\u00e4nder denna webbplats?<\/strong><\/h5>\n<p><strong>Cookies f\u00f6r internt bruk<\/strong><\/p>\n<p>Denna webbplats anv\u00e4nder cookies f\u00f6r internt bruk som \u00e4r n\u00f6dv\u00e4ndiga f\u00f6r den normala driften av denna applikation, s\u00e5som de som m\u00f6jligg\u00f6r autentisering eller uppr\u00e4tth\u00e5llande av den registrerade anv\u00e4ndarens session. Inaktivering av dessa cookies f\u00f6rhindrar att vissa tj\u00e4nster p\u00e5 denna webbplats fungerar korrekt. <\/p>\n<p><strong>Tredjepartscookies<\/strong><\/p>\n<p>Denna webbplats anv\u00e4nder tredjepartscookies som externa inneh\u00e5llskomplement. Dessa cookies kommer inte fr\u00e5n den webbplats ni bes\u00f6ker. <\/p>\n<p><strong>Analytiska cookies<\/strong><\/p>\n<p>Denna webbplats anv\u00e4nder analytiska cookies f\u00f6r att m\u00e4ta aktiviteten p\u00e5 webbplatserna och f\u00f6r att utarbeta navigationsprofiler f\u00f6r anv\u00e4ndarna av dessa webbplatser, i syfte att inf\u00f6ra f\u00f6rb\u00e4ttringar baserade p\u00e5 analysen av de anv\u00e4ndningsdata som anv\u00e4ndarna av tj\u00e4nsten genererar. <\/p>\n<p><strong>Hur man inaktiverar cookies i de vanligaste webbl\u00e4sarna<\/strong><\/p>\n<p>Ni kan till\u00e5ta, blockera eller radera de cookies som \u00e4r installerade p\u00e5 er dator genom att konfigurera alternativen i er webbl\u00e4sare. Om ni blockerar dem kan vissa tj\u00e4nster som kr\u00e4ver deras anv\u00e4ndning bli otillg\u00e4ngliga f\u00f6r er. <\/p>\n<p>Nedan erbjuder vi l\u00e4nkar d\u00e4r ni hittar information om hur ni kan aktivera era preferenser i de vanligaste webbl\u00e4sarna:<\/p>\n<p><a href=\"https:\/\/support.google.com\/chrome\/answer\/95647?hl=es\" target=\"_blank\" rel=\"noopener\">Google Chrome<\/a><\/p>\n<p><a href=\"https:\/\/support.mozilla.org\/es\/kb\/cookies-informacion-que-los-sitios-web-guardan-en-?redirectlocale=en-US&amp;redirectslug=Cookies\" target=\"_blank\" rel=\"noopener\">Mozilla Firefox<\/a><\/p>\n<p><a href=\"https:\/\/support.microsoft.com\/es-es\/help\/17442\/windows-internet-explorer-delete-manage-cookies\" target=\"_blank\" rel=\"noopener\">Internet Explorer<\/a><\/p>\n<p><a href=\"https:\/\/support.apple.com\/es-es\/HT201265\" target=\"_blank\" rel=\"noopener\">Safari f\u00f6r IOS (iPhone, iPad)<\/a><\/p>\n<p><a href=\"http:\/\/www.macromedia.com\/support\/documentation\/es\/flashplayer\/help\/settings_manager07.html\" target=\"_blank\" rel=\"noopener\">Flash-cookies<\/a><\/p>\n<p>Slutligen kan ni bes\u00f6ka portalen Your Online Choices d\u00e4r ni ut\u00f6ver att hitta anv\u00e4ndbar information kan konfigurera era preferenser f\u00f6r tredjepartsannonscookies, leverant\u00f6r f\u00f6r leverant\u00f6r.<\/p>\n<h5><strong>TREDJEPARTSWEBBPLATSER<\/strong><\/h5>\n<p>T\u00e4nk p\u00e5 att andra webbplatser som kan n\u00e5s via <em>Casas &amp; Reformas<\/em> webbplatser kan samla in personlig information om er. Den information som samlas in av dessa tredjepartswebbplatser som \u00e4r l\u00e4nkade till <em>Casas &amp; Reformas<\/em> webbplatser omfattas inte av denna policy och ni b\u00f6r granska integritets- och cookiepolicyn n\u00e4r ni bes\u00f6ker n\u00e5gon annan webbplats. <\/p>\n<h5><strong>UPPDATERINGAR OCH \u00c4NDRINGAR I COOKIEPOLICYN:<\/strong><\/h5>\n<p>Webbplatserna f\u00f6r <em>Casas &amp; Reformas<\/em> kan \u00e4ndra denna cookiepolicy baserat p\u00e5 lagstiftnings- och regleringskrav, eller i syfte att anpassa policyn till de instruktioner som utf\u00e4rdats av den spanska dataskyddsmyndigheten, varf\u00f6r anv\u00e4ndare rekommenderas att bes\u00f6ka den regelbundet.<\/p>\n\n        <\/div>\n    \n<\/section>\n","protected":false},"excerpt":{"rendered":"","protected":false},"author":1,"featured_media":0,"parent":0,"menu_order":0,"comment_status":"closed","ping_status":"closed","template":"","meta":{"_acf_changed":false,"footnotes":""},"class_list":["post-616","page","type-page","status-publish","hentry"],"acf":[],"_links":{"self":[{"href":"https:\/\/casas-reformas.com\/sv\/wp-json\/wp\/v2\/pages\/616","targetHints":{"allow":["GET"]}}],"collection":[{"href":"https:\/\/casas-reformas.com\/sv\/wp-json\/wp\/v2\/pages"}],"about":[{"href":"https:\/\/casas-reformas.com\/sv\/wp-json\/wp\/v2\/types\/page"}],"author":[{"embeddable":true,"href":"https:\/\/casas-reformas.com\/sv\/wp-json\/wp\/v2\/users\/1"}],"replies":[{"embeddable":true,"href":"https:\/\/casas-reformas.com\/sv\/wp-json\/wp\/v2\/comments?post=616"}],"version-history":[{"count":2,"href":"https:\/\/casas-reformas.com\/sv\/wp-json\/wp\/v2\/pages\/616\/revisions"}],"predecessor-version":[{"id":726,"href":"https:\/\/casas-reformas.com\/sv\/wp-json\/wp\/v2\/pages\/616\/revisions\/726"}],"wp:attachment":[{"href":"https:\/\/casas-reformas.com\/sv\/wp-json\/wp\/v2\/media?parent=616"}],"curies":[{"name":"wp","href":"https:\/\/api.w.org\/{rel}","templated":true}]}}