{"id":470,"date":"2026-01-21T15:55:53","date_gmt":"2026-01-21T14:55:53","guid":{"rendered":"https:\/\/casasyreformas.nubedev.es\/integritetspolicy\/"},"modified":"2026-03-18T14:15:17","modified_gmt":"2026-03-18T13:15:17","slug":"integritetspolicy","status":"publish","type":"page","link":"https:\/\/casas-reformas.com\/sv\/integritetspolicy\/","title":{"rendered":"Integritetspolicy"},"content":{"rendered":"<div class=\"hero-block-official w-full flex flex-col relative justify-center min-h-[70vh]\" style=\"background-image: url(https:\/\/casas-reformas.com\/wp-content\/uploads\/2026\/01\/Haza-del-Conde-10.jpg); background-color: #f8f9fa; background-size: cover; background-position: center; background-repeat: no-repeat;\">\n                <div class=\"absolute inset-0 w-full min-h-[70vh]\" style=\"background-color: #0a0909; opacity: 0.3;\"><\/div>\n        <div class=\"container mx-auto relative z-10 flex flex-col items-center justify-center\">\n                    <h1 class=\"text-5xl font-sans mb-4 text-background\">\n                Integritetspolicy\n                <\/h1>\n                            <\/div>\n\n    \n            <div class=\"absolute bottom-0 left-0 z-20 p-6 md:p-10\">\n            <nav class=\"flex items-center text-sm flex-wrap\">\n                                    <a href=\"https:\/\/casas-reformas.com\/sv\/\"\n                        class=\"text-background hover:text-primary transition-colors duration-300\">Home<\/a>\n                    <span class=\"mx-2 text-background opacity-60\">\/<\/span>\n                    <span class=\"text-background\">Integritetspolicy<\/span>\n                            <\/nav>\n        <\/div>\n    <\/div>\n\n\n<section class=\"container mx-auto py-10 2xl:px-0 xl:px-20 px-10\">\n    \n            <div class=\"prose prose-base max-w-full\">\n            <div><b>Senast uppdaterad: 2026-04-03<\/b><br aria-hidden=\"true\">1. F\u00f6retagsinformation<br aria-hidden=\"true\">I enlighet med g\u00e4llande dataskyddsf\u00f6rordningar \u00e4gs och drivs den h\u00e4r webbplatsen av:<br aria-hidden=\"true\"><b>CASAS Y REFORMAS 2012 S.L.<\/b><br aria-hidden=\"true\">Momsregistreringsnummer: B93205557<br aria-hidden=\"true\">Registrerad adress: Calle Dr. Esteban San Mateos N\u00ba 11, Planta 1, Puerta Izquierda<br aria-hidden=\"true\">29670 San Pedro Alc\u00e1ntara (M\u00e1laga)<br aria-hidden=\"true\">Spanien<br aria-hidden=\"true\">Webbplats: <a href=\"https:\/\/casas-reformas.com\/es\/\" target=\"_blank\" rel=\"noopener noreferrer\">https:\/\/casas-reformas.com\/es\/<\/a><br aria-hidden=\"true\">F\u00f6r fr\u00e5gor om integritet kan du kontakta oss p\u00e5: [Infoga kontakt-e-post]<\/p>\n<p>2. Syftet med denna integritetspolicy<br aria-hidden=\"true\">Denna integritetspolicy f\u00f6rklarar hur CASAS Y REFORMAS 2012 S.L. (\u201dvi\u201d, \u201dv\u00e5r\u201d eller \u201doss\u201d) samlar in, anv\u00e4nder och skyddar personuppgifter som erh\u00e5lls via denna webbplats.<br aria-hidden=\"true\">Vi \u00e4r fast beslutna att s\u00e4kerst\u00e4lla att din integritet skyddas och att dina personuppgifter behandlas i enlighet med:<\/div>\n<ul>\n<li>Dataskyddsf\u00f6rordningen (EU) 2016\/679 (\u201dGDPR\u201d)<\/li>\n<li>Organisk lag 3\/2018 om skydd av personuppgifter och garanti f\u00f6r digitala r\u00e4ttigheter (LOPDGDD)<\/li>\n<\/ul>\n<div>\n<p>3. Vilka personuppgifter vi samlar in<br aria-hidden=\"true\">Vi kan samla in och behandla f\u00f6ljande kategorier av personuppgifter:<\/div>\n<ul>\n<li>Identifieringsuppgifter (namn, efternamn)<\/li>\n<li>Kontaktuppgifter (e-postadress, telefonnummer)<\/li>\n<li>Fastighetsrelaterad information som skickas via kontaktformul\u00e4r<\/li>\n<li>Tekniska uppgifter (IP-adress, webbl\u00e4sartyp, enhetsinformation)<\/li>\n<li>Annan information som du frivilligt l\u00e4mnar via kontaktformul\u00e4r eller e-post<\/li>\n<\/ul>\n<div>\n<p>4. Hur vi samlar in dina uppgifter<br aria-hidden=\"true\">Vi samlar in personuppgifter genom:<\/div>\n<ul>\n<li>Kontaktformul\u00e4r p\u00e5 webbplatsen<\/li>\n<li>E-postkommunikation<\/li>\n<li>Telefonkommunikation<\/li>\n<li>Cookies och liknande tekniker<\/li>\n<\/ul>\n<div>\n<p>5. Syfte och r\u00e4ttslig grund f\u00f6r behandling<br aria-hidden=\"true\">Vi behandlar dina personuppgifter f\u00f6r f\u00f6ljande syften:<br aria-hidden=\"true\">a) F\u00f6r att svara p\u00e5 f\u00f6rfr\u00e5gningar<br aria-hidden=\"true\">F\u00f6r att svara p\u00e5 f\u00f6rfr\u00e5gningar, fr\u00e5gor eller offertf\u00f6rfr\u00e5gningar som skickas via webbplatsen.<br aria-hidden=\"true\"><b>R\u00e4ttslig grund:<\/b> Samtycke (artikel 6.1 a GDPR) och\/eller f\u00f6ravtalsm\u00e4ssiga \u00e5tg\u00e4rder (artikel 6.1 b GDPR).<br aria-hidden=\"true\">b) F\u00f6r att tillhandah\u00e5lla tj\u00e4nster<br aria-hidden=\"true\">F\u00f6r att hantera avtalsf\u00f6rh\u00e5llanden och tillhandah\u00e5lla renoverings- och byggtj\u00e4nster.<br aria-hidden=\"true\"><b>R\u00e4ttslig grund:<\/b> Fullg\u00f6rande av avtal (artikel 6.1 b GDPR).<br aria-hidden=\"true\">c) Administrativa och juridiska skyldigheter<br aria-hidden=\"true\">F\u00f6r att uppfylla skatte-, redovisnings- och juridiska skyldigheter.<br aria-hidden=\"true\"><b>R\u00e4ttslig grund:<\/b> R\u00e4ttslig skyldighet (artikel 6.1 c GDPR).<br aria-hidden=\"true\">d) F\u00f6rb\u00e4ttring och s\u00e4kerhet av webbplatsen<br aria-hidden=\"true\">F\u00f6r att s\u00e4kerst\u00e4lla korrekt funktion och s\u00e4kerhet f\u00f6r webbplatsen.<br aria-hidden=\"true\"><b>R\u00e4ttslig grund:<\/b> Ber\u00e4ttigat intresse (artikel 6.1 f GDPR).<\/p>\n<p>6. Lagring av uppgifter<br aria-hidden=\"true\">Personuppgifter kommer att lagras:<\/div>\n<ul>\n<li>S\u00e5 l\u00e4nge det \u00e4r n\u00f6dv\u00e4ndigt f\u00f6r att uppfylla det syfte f\u00f6r vilket de samlades in<\/li>\n<li>Under hela avtalsf\u00f6rh\u00e5llandets varaktighet<\/li>\n<li>Under de lagringstider som kr\u00e4vs enligt g\u00e4llande lagar<\/li>\n<\/ul>\n<div>Efter dessa perioder kommer uppgifterna att raderas s\u00e4kert eller anonymiseras.<\/p>\n<p>7. Delning av uppgifter<br aria-hidden=\"true\">Vi s\u00e4ljer, hyr ut eller handlar inte med personuppgifter.<br aria-hidden=\"true\">Vi kan dela uppgifter med:<\/div>\n<ul>\n<li>Professionella r\u00e5dgivare (jurister, revisorer)<\/li>\n<li>Tj\u00e4nsteleverant\u00f6rer (IT, webbhotell)<\/li>\n<li>Offentliga myndigheter n\u00e4r det kr\u00e4vs enligt lag<\/li>\n<\/ul>\n<div>Alla tredje parter \u00e4r skyldiga att respektera s\u00e4kerheten och konfidentialiteten f\u00f6r dina uppgifter.<\/p>\n<p>8. Internationella \u00f6verf\u00f6ringar<br aria-hidden=\"true\">Vi \u00f6verf\u00f6r inte personuppgifter utanf\u00f6r Europeiska ekonomiska samarbetsomr\u00e5det (EES).<br aria-hidden=\"true\">Om s\u00e5dana \u00f6verf\u00f6ringar blir n\u00f6dv\u00e4ndiga kommer l\u00e4mpliga skydds\u00e5tg\u00e4rder i enlighet med GDPR att implementeras.<\/p>\n<p>9. Dina r\u00e4ttigheter<br aria-hidden=\"true\">Enligt GDPR har du r\u00e4tt att:<\/div>\n<ul>\n<li>F\u00e5 tillg\u00e5ng till dina personuppgifter<\/li>\n<li>R\u00e4tta felaktiga uppgifter<\/li>\n<li>Beg\u00e4ra radering (\u201dr\u00e4tten att bli bortgl\u00f6md\u201d)<\/li>\n<li>Begr\u00e4nsa behandling<\/li>\n<li>Inv\u00e4nda mot behandling<\/li>\n<li>Beg\u00e4ra dataportabilitet<\/li>\n<li>\u00c5terkalla samtycke n\u00e4r som helst<\/li>\n<\/ul>\n<div>F\u00f6r att ut\u00f6va dessa r\u00e4ttigheter, kontakta oss skriftligen p\u00e5 den registrerade adressen ovan eller via e-post p\u00e5 [Infoga e-post], bifoga en kopia av din legitimation f\u00f6r verifiering.<br aria-hidden=\"true\">Du har ocks\u00e5 r\u00e4tt att l\u00e4mna in ett klagom\u00e5l till den spanska dataskyddsmyndigheten (Agencia Espa\u00f1ola de Protecci\u00f3n de Datos \u2013 AEPD).<\/p>\n<p>10. Datas\u00e4kerhet<br aria-hidden=\"true\">Vi implementerar l\u00e4mpliga tekniska och organisatoriska \u00e5tg\u00e4rder f\u00f6r att skydda personuppgifter mot obeh\u00f6rig \u00e5tkomst, \u00e4ndring, utl\u00e4mnande eller f\u00f6rst\u00f6relse.<br aria-hidden=\"true\">Ingen \u00f6verf\u00f6ringsmetod via internet \u00e4r dock helt s\u00e4ker.<\/p>\n<p>11. Cookies<br aria-hidden=\"true\">Denna webbplats kan anv\u00e4nda cookies f\u00f6r att f\u00f6rb\u00e4ttra anv\u00e4ndarupplevelsen och analysera webbplatstrafik.<br aria-hidden=\"true\">F\u00f6r detaljerad information, se v\u00e5r cookiepolicy.<\/p>\n<p>12. \u00c4ndringar i denna policy<br aria-hidden=\"true\">Vi f\u00f6rbeh\u00e5ller oss r\u00e4tten att n\u00e4r som helst uppdatera denna integritetspolicy f\u00f6r att \u00e5terspegla juridiska eller operativa f\u00f6r\u00e4ndringar. Uppdateringar publiceras p\u00e5 denna sida med ett reviderat datum f\u00f6r \u201dSenast uppdaterad\u201d. <\/div>\n\n        <\/div>\n    \n<\/section>\n","protected":false},"excerpt":{"rendered":"","protected":false},"author":1,"featured_media":0,"parent":0,"menu_order":0,"comment_status":"closed","ping_status":"closed","template":"","meta":{"_acf_changed":false,"footnotes":""},"class_list":["post-470","page","type-page","status-publish","hentry"],"acf":[],"_links":{"self":[{"href":"https:\/\/casas-reformas.com\/sv\/wp-json\/wp\/v2\/pages\/470","targetHints":{"allow":["GET"]}}],"collection":[{"href":"https:\/\/casas-reformas.com\/sv\/wp-json\/wp\/v2\/pages"}],"about":[{"href":"https:\/\/casas-reformas.com\/sv\/wp-json\/wp\/v2\/types\/page"}],"author":[{"embeddable":true,"href":"https:\/\/casas-reformas.com\/sv\/wp-json\/wp\/v2\/users\/1"}],"replies":[{"embeddable":true,"href":"https:\/\/casas-reformas.com\/sv\/wp-json\/wp\/v2\/comments?post=470"}],"version-history":[{"count":2,"href":"https:\/\/casas-reformas.com\/sv\/wp-json\/wp\/v2\/pages\/470\/revisions"}],"predecessor-version":[{"id":725,"href":"https:\/\/casas-reformas.com\/sv\/wp-json\/wp\/v2\/pages\/470\/revisions\/725"}],"wp:attachment":[{"href":"https:\/\/casas-reformas.com\/sv\/wp-json\/wp\/v2\/media?parent=470"}],"curies":[{"name":"wp","href":"https:\/\/api.w.org\/{rel}","templated":true}]}}