{"id":468,"date":"2026-01-21T15:55:30","date_gmt":"2026-01-21T14:55:30","guid":{"rendered":"https:\/\/casasyreformas.nubedev.es\/hem\/"},"modified":"2026-03-18T14:10:47","modified_gmt":"2026-03-18T13:10:47","slug":"hem","status":"publish","type":"page","link":"https:\/\/casas-reformas.com\/sv\/","title":{"rendered":"Hem"},"content":{"rendered":"<div class=\"wp-block-hero-proyectos hero-proyectos-swiper w-full h-screen relative\" style=\"\">\n            <div class=\"swiper w-full h-full\">\n            <div class=\"swiper-wrapper\">\n                                    <div class=\"swiper-slide relative w-full h-full\" data-project-title=\"Calle Dr. Lenys\"\n                        data-project-link=\"https:\/\/casas-reformas.com\/sv\/portfolio\/calle-dr-lenys\/\">\n                        \n                                                    <div class=\"absolute inset-0 bg-cover bg-center\"\n                                style=\"background-image: url('https:\/\/casas-reformas.com\/wp-content\/uploads\/2026\/01\/Lenys-12.jpg');\">\n                                <div class=\"absolute inset-0 bg-black bg-opacity-30\"><\/div>\n                            <\/div>\n                                            <\/div>\n                                    <div class=\"swiper-slide relative w-full h-full\" data-project-title=\"Haza del Conde\"\n                        data-project-link=\"https:\/\/casas-reformas.com\/sv\/portfolio\/haza-del-conde\/\">\n                        \n                                                    <div class=\"absolute inset-0 bg-cover bg-center\"\n                                style=\"background-image: url('https:\/\/casas-reformas.com\/wp-content\/uploads\/2026\/01\/Haza-del-Conde-00.jpg');\">\n                                <div class=\"absolute inset-0 bg-black bg-opacity-30\"><\/div>\n                            <\/div>\n                                            <\/div>\n                                    <div class=\"swiper-slide relative w-full h-full\" data-project-title=\"La Carolina\"\n                        data-project-link=\"https:\/\/casas-reformas.com\/sv\/portfolio\/la-carolina\/\">\n                        \n                                                    <div class=\"absolute inset-0 bg-cover bg-center\"\n                                style=\"background-image: url('https:\/\/casas-reformas.com\/wp-content\/uploads\/2026\/01\/La-Carolina-00.jpg');\">\n                                <div class=\"absolute inset-0 bg-black bg-opacity-30\"><\/div>\n                            <\/div>\n                                            <\/div>\n                                    <div class=\"swiper-slide relative w-full h-full\" data-project-title=\"La Perla\"\n                        data-project-link=\"https:\/\/casas-reformas.com\/sv\/portfolio\/la-perla\/\">\n                        \n                                                    <div class=\"absolute inset-0 bg-cover bg-center\"\n                                style=\"background-image: url('https:\/\/casas-reformas.com\/wp-content\/uploads\/2026\/01\/La-Perla-10.jpg');\">\n                                <div class=\"absolute inset-0 bg-black bg-opacity-30\"><\/div>\n                            <\/div>\n                                            <\/div>\n                                    <div class=\"swiper-slide relative w-full h-full\" data-project-title=\"La Quinta Hills\"\n                        data-project-link=\"https:\/\/casas-reformas.com\/sv\/portfolio\/la-quinta-hills\/\">\n                        \n                                                    <div class=\"absolute inset-0 bg-cover bg-center\"\n                                style=\"background-image: url('https:\/\/casas-reformas.com\/wp-content\/uploads\/2026\/01\/La-Quinta-Hills-00.jpg');\">\n                                <div class=\"absolute inset-0 bg-black bg-opacity-30\"><\/div>\n                            <\/div>\n                                            <\/div>\n                                    <div class=\"swiper-slide relative w-full h-full\" data-project-title=\"La Rinconada\"\n                        data-project-link=\"https:\/\/casas-reformas.com\/sv\/portfolio\/la-rinconada\/\">\n                        \n                                                    <div class=\"absolute inset-0 bg-cover bg-center\"\n                                style=\"background-image: url('https:\/\/casas-reformas.com\/wp-content\/uploads\/2026\/01\/La-Rinconada-06.jpg');\">\n                                <div class=\"absolute inset-0 bg-black bg-opacity-30\"><\/div>\n                            <\/div>\n                                            <\/div>\n                                    <div class=\"swiper-slide relative w-full h-full\" data-project-title=\"Calle R\u00edo\"\n                        data-project-link=\"https:\/\/casas-reformas.com\/sv\/portfolio\/calle-rio\/\">\n                        \n                                                    <div class=\"absolute inset-0 bg-cover bg-center\"\n                                style=\"background-image: url('https:\/\/casas-reformas.com\/wp-content\/uploads\/2026\/01\/Calle-Rio-06.jpg');\">\n                                <div class=\"absolute inset-0 bg-black bg-opacity-30\"><\/div>\n                            <\/div>\n                                            <\/div>\n                                    <div class=\"swiper-slide relative w-full h-full\" data-project-title=\"Monte Para\u00edso\"\n                        data-project-link=\"https:\/\/casas-reformas.com\/sv\/portfolio\/monte-paraiso\/\">\n                        \n                                                    <div class=\"absolute inset-0 bg-cover bg-center\"\n                                style=\"background-image: url('https:\/\/casas-reformas.com\/wp-content\/uploads\/2026\/01\/Monte-Paraiso-00.jpg');\">\n                                <div class=\"absolute inset-0 bg-black bg-opacity-30\"><\/div>\n                            <\/div>\n                                            <\/div>\n                                    <div class=\"swiper-slide relative w-full h-full\" data-project-title=\"Villa Pacific\"\n                        data-project-link=\"https:\/\/casas-reformas.com\/sv\/portfolio\/villa-pacific\/\">\n                        \n                                                    <div class=\"absolute inset-0 bg-cover bg-center\"\n                                style=\"background-image: url('https:\/\/casas-reformas.com\/wp-content\/uploads\/2026\/01\/Villa-Pacific-00.jpg');\">\n                                <div class=\"absolute inset-0 bg-black bg-opacity-30\"><\/div>\n                            <\/div>\n                                            <\/div>\n                            <\/div>\n        <\/div>\n\n        \n        <div class=\"absolute bottom-0 left-0 right-0 z-10 p-10\">\n            <div class=\"\">\n                <div class=\"flex items-end justify-between gap-8\">\n                    \n                    <div class=\"flex-shrink-0 mb-2\" style=\"width: 33.333%;\">\n                        <img decoding=\"async\" src=\"https:\/\/casas-reformas.com\/wp-content\/themes\/nube-builder\/resources\/images\/logo_h.svg\" alt=\"Logo\" class=\"w-full\" title=\"\">\n                    <\/div>\n\n                    \n                    <div class=\"flex-1 flex flex-col items-end gap-2\" style=\"width: 66.666%;\">\n                        \n                        <div class=\"text-background text-right mb-2\">\n                            <span\n                                class=\"text-xs uppercase tracking-wider opacity-80\">Projekt:<\/span>\n                            <a href=\"https:\/\/casas-reformas.com\/sv\/portfolio\/calle-dr-lenys\/\"\n                                class=\"hero-proyectos-link text-4xl font-light ml-3 hover:text-primary transition-colors duration-300\">\n                                <span class=\"hero-proyectos-title\">\n                                    Calle Dr. Lenys\n                                <\/span>\n                            <\/a>\n                        <\/div>\n\n                        \n                        <div class=\"flex items-center gap-4 w-full\">\n                            \n                            <div class=\"hero-proyectos-pagination flex-1\"><\/div>\n\n                            \n                            <div class=\"text-background text-sm font-light whitespace-nowrap\">\n                                <span class=\"hero-proyectos-current\">1<\/span>\n                                <span class=\"opacity-60\"> \/ <\/span>\n                                <span class=\"hero-proyectos-total\">9<\/span>\n                            <\/div>\n                        <\/div>\n                    <\/div>\n                <\/div>\n            <\/div>\n        <\/div>\n    <\/div>\n\n\n<div class=\"wp-block-intro-double-link py-16\" style=\"\">\n    <div class=\"px-10\">\n        \n        <div class=\"grid grid-cols-1 lg:grid-cols-5 gap-8\">\n            \n            <div class=\"lg:col-span-3 flex flex-col gap-8\">\n                \n                                    <h1 class=\"text-2xl font-bold\">Renoveringsf\u00f6retag i Marbella<\/h1>\n                \n                \n                <div class=\"grid grid-cols-1 md:grid-cols-3 gap-6 font-light\">\n                                            <div class=\"prose prose-lg max-w-none\">\n                            <p>Ut\u00f6ver byggtj\u00e4nsten bist\u00e5r Casas &amp; Reformas med alla tj\u00e4nster som kr\u00e4vs under byggprocessen, fr\u00e5n r\u00e5dgivning om tomter att bygga p\u00e5, genomf\u00f6rande av projekt och tekniska rapporter, till den slutliga inredningen av huset.<\/p>\n\n                        <\/div>\n                    \n                                            <div class=\"prose prose-lg max-w-none\">\n                            <p>\u00c4ven om projektets slutm\u00e5l \u00e4r f\u00f6rs\u00e4ljning, samarbetar Casas &amp; Reformas med de viktigaste fastighetsm\u00e4klarna p\u00e5 Costa del Sol.<\/p>\n\n                        <\/div>\n                    \n                                            <div class=\"prose prose-lg max-w-none ml-auto mt-auto\">\n                            <p>ETABL. 2012<\/p>\n                        <\/div>\n                                    <\/div>\n\n                \n                                    <div class=\"relative h-96 overflow-hidden\">\n                        <img decoding=\"async\" src=\"https:\/\/casas-reformas.com\/wp-content\/uploads\/2026\/01\/Villa-Pacific-11.jpg\" alt=\"Modern villa with pool and palm trees\" class=\"w-full h-full object-cover\" title=\"\">\n\n                                                    <div class=\"absolute bottom-6 left-6\">\n                                <a href=\"\/sv\/projekt\/\"\n                                                                        class=\"btn-background\">\n                                    V\u00c5RA PROJEKT\n                                <\/a>\n                            <\/div>\n                                            <\/div>\n                            <\/div>\n\n            \n            <div class=\"lg:col-span-2 flex flex-col\">\n                \n                                    <div class=\"relative h-full min-h-[400px] lg:min-h-full overflow-hidden\">\n                        <img decoding=\"async\" src=\"https:\/\/casas-reformas.com\/wp-content\/uploads\/2026\/01\/Lenys-11.jpg\" alt=\"dormitorio piscina mordeno\" class=\"w-full h-full object-cover\" title=\"\">\n\n                                                    <div class=\"absolute bottom-6 left-6\">\n                                <a href=\"\/sv\/var-kvalitet\/\"\n                                                                        class=\"btn-background\">\n                                    V\u00c5R KVALITET\n                                <\/a>\n                            <\/div>\n                                            <\/div>\n                            <\/div>\n        <\/div>\n    <\/div>\n<\/div>\n\n\n<section\n    class=\"px-4 py-12 md:px-6 md:py-14 lg:pl-8 lg:pr-[12%] lg:py-16 xl:pl-10 xl:pr-[14%] 2xl:pl-10 2xl:pr-[15%] 2xl:py-16 flex flex-col items-start justify-start text-start\">\n    \n            <div\n            class=\"text-3xl md:text-4xl lg:text-5xl xl:text-6xl 2xl:text-7xl mb-6 md:mb-7 lg:mb-8 uppercase font-light leading-normal banner\">\n            <p><strong>PROJEKT<\/strong> INOM BYGG, RENOVERING OCH REHABILITERING<\/p>\n\n        <\/div>\n    \n    \n            <a href=\"\/sv\/projekt\/\"             class=\"btn-foreground\">\n            Mer\n        <\/a>\n    <\/section>\n\n\n<div class=\"wp-block-carrusel carrusel-block py-8 md:py-12 lg:py-14 xl:py-16\" style=\"\">\n    <div class=\"overflow-x-hidden w-full relative\">\n                    <div class=\"swiper carrusel-swiper w-full md:w-[110vw] lg:w-[115vw] xl:w-[120vw] 2xl:w-[125vw]\">\n                <div class=\"swiper-wrapper\">\n                                            <div class=\"swiper-slide\">\n                            <div class=\"flex flex-col px-4 md:px-6 lg:pl-8 xl:pl-10\">\n                                \n                                <div class=\"relative w-full aspect-[4\/3] overflow-hidden rounded-tr-[3rem] md:rounded-tr-[4rem] lg:rounded-tr-[5rem] xl:rounded-tr-[6rem] 2xl:rounded-tr-[7rem]\">\n                                                                            <img decoding=\"async\" src=\"https:\/\/casas-reformas.com\/wp-content\/uploads\/2026\/01\/Haza-del-Conde-02.jpg\" alt=\"Haza del Conde\" class=\"w-full h-full object-cover\" title=\"\">\n                                                                    <\/div>\n\n                                \n                                <div class=\"p-4 md:p-5 lg:p-6\">\n                                    <div class=\"flex flex-col md:flex-row items-start justify-between gap-4 md:gap-6\">\n                                        \n                                        <div class=\"flex-1\">\n                                                                                            <h2 class=\"text-xl md:text-xl lg:text-2xl mb-2 md:mb-3\">\n                                                    Haza del Conde<\/h2>\n                                            \n                                                                                            <div\n                                                    class=\"px-2 py-1 rounded-2xl bg-secondary text-background text-xs lg:text-sm w-fit select-none pointer-events-none\">\n                                                    <p>Nybyggnation<\/p>\n\n                                                <\/div>\n                                                                                    <\/div>\n\n                                        \n                                                                                    <div class=\"flex-shrink-0\">\n                                                <a href=\"\/sv\/portfolio\/haza-del-conde\/\"\n                                                                                                        class=\"btn-primary\">\n                                                    L\u00e4s mer\n                                                <\/a>\n                                            <\/div>\n                                                                            <\/div>\n                                <\/div>\n                            <\/div>\n                        <\/div>\n                                            <div class=\"swiper-slide\">\n                            <div class=\"flex flex-col-reverse px-4 md:px-6 lg:pl-8 xl:pl-10\">\n                                \n                                <div class=\"relative w-full aspect-[4\/3] overflow-hidden rounded-bl-[3rem] md:rounded-bl-[4rem] lg:rounded-bl-[5rem] xl:rounded-bl-[6rem] 2xl:rounded-bl-[7rem]\">\n                                                                            <img decoding=\"async\" src=\"https:\/\/casas-reformas.com\/wp-content\/uploads\/2026\/01\/La-Rinconada-06.jpg\" alt=\"La Rinconada\" class=\"w-full h-full object-cover\" title=\"\">\n                                                                    <\/div>\n\n                                \n                                <div class=\"p-4 md:p-5 lg:p-6\">\n                                    <div class=\"flex flex-col md:flex-row items-start justify-between gap-4 md:gap-6\">\n                                        \n                                        <div class=\"flex-1\">\n                                                                                            <h2 class=\"text-xl md:text-xl lg:text-2xl mb-2 md:mb-3\">\n                                                    La Rinconada<\/h2>\n                                            \n                                                                                            <div\n                                                    class=\"px-2 py-1 rounded-2xl bg-secondary text-background text-xs lg:text-sm w-fit select-none pointer-events-none\">\n                                                    <p>Renovering<\/p>\n\n                                                <\/div>\n                                                                                    <\/div>\n\n                                        \n                                                                                    <div class=\"flex-shrink-0\">\n                                                <a href=\"\/sv\/portfolio\/la-rinconada\/\"\n                                                                                                        class=\"btn-primary\">\n                                                    L\u00e4s mer\n                                                <\/a>\n                                            <\/div>\n                                                                            <\/div>\n                                <\/div>\n                            <\/div>\n                        <\/div>\n                                            <div class=\"swiper-slide\">\n                            <div class=\"flex flex-col px-4 md:px-6 lg:pl-8 xl:pl-10\">\n                                \n                                <div class=\"relative w-full aspect-[4\/3] overflow-hidden rounded-tr-[3rem] md:rounded-tr-[4rem] lg:rounded-tr-[5rem] xl:rounded-tr-[6rem] 2xl:rounded-tr-[7rem]\">\n                                                                            <img decoding=\"async\" src=\"https:\/\/casas-reformas.com\/wp-content\/uploads\/2026\/01\/Monte-Paraiso-04.jpg\" alt=\"Monte Para\u00edso\" class=\"w-full h-full object-cover\" title=\"\">\n                                                                    <\/div>\n\n                                \n                                <div class=\"p-4 md:p-5 lg:p-6\">\n                                    <div class=\"flex flex-col md:flex-row items-start justify-between gap-4 md:gap-6\">\n                                        \n                                        <div class=\"flex-1\">\n                                                                                            <h2 class=\"text-xl md:text-xl lg:text-2xl mb-2 md:mb-3\">\n                                                    Monte Para\u00edso<\/h2>\n                                            \n                                                                                            <div\n                                                    class=\"px-2 py-1 rounded-2xl bg-secondary text-background text-xs lg:text-sm w-fit select-none pointer-events-none\">\n                                                    <p>Renovering<\/p>\n\n                                                <\/div>\n                                                                                    <\/div>\n\n                                        \n                                                                                    <div class=\"flex-shrink-0\">\n                                                <a href=\"\/sv\/portfolio\/monte-paraiso\/\"\n                                                                                                        class=\"btn-primary\">\n                                                    L\u00e4s mer\n                                                <\/a>\n                                            <\/div>\n                                                                            <\/div>\n                                <\/div>\n                            <\/div>\n                        <\/div>\n                                            <div class=\"swiper-slide\">\n                            <div class=\"flex flex-col-reverse px-4 md:px-6 lg:pl-8 xl:pl-10\">\n                                \n                                <div class=\"relative w-full aspect-[4\/3] overflow-hidden rounded-bl-[3rem] md:rounded-bl-[4rem] lg:rounded-bl-[5rem] xl:rounded-bl-[6rem] 2xl:rounded-bl-[7rem]\">\n                                                                            <img decoding=\"async\" src=\"https:\/\/casas-reformas.com\/wp-content\/uploads\/2026\/01\/Villa-Pacific-11.jpg\" alt=\"Villa Pacific\" class=\"w-full h-full object-cover\" title=\"\">\n                                                                    <\/div>\n\n                                \n                                <div class=\"p-4 md:p-5 lg:p-6\">\n                                    <div class=\"flex flex-col md:flex-row items-start justify-between gap-4 md:gap-6\">\n                                        \n                                        <div class=\"flex-1\">\n                                                                                            <h2 class=\"text-xl md:text-xl lg:text-2xl mb-2 md:mb-3\">\n                                                    Villa Pacific<\/h2>\n                                            \n                                                                                            <div\n                                                    class=\"px-2 py-1 rounded-2xl bg-secondary text-background text-xs lg:text-sm w-fit select-none pointer-events-none\">\n                                                    <p>Renovering<\/p>\n\n                                                <\/div>\n                                                                                    <\/div>\n\n                                        \n                                                                                    <div class=\"flex-shrink-0\">\n                                                <a href=\"\/sv\/portfolio\/villa-pacific\/\"\n                                                                                                        class=\"btn-primary\">\n                                                    L\u00e4s mer\n                                                <\/a>\n                                            <\/div>\n                                                                            <\/div>\n                                <\/div>\n                            <\/div>\n                        <\/div>\n                                    <\/div>\n            <\/div>\n\n            \n            <div class=\"absolute bottom-0 left-1\/2 -translate-x-1\/2 flex items-center justify-center gap-4 z-10\">\n                <div class=\"swiper-button-prev carrusel-prev relative !static !mt-0\"><\/div>\n                <div class=\"swiper-pagination carrusel-pagination !relative !bottom-0\"><\/div>\n                <div class=\"swiper-button-next carrusel-next relative !static !mt-0\"><\/div>\n            <\/div>\n            <\/div>\n<\/div>\n\n\n<section class=\"w-full flex py-8 md:py-12 lg:py-14 xl:py-16 group last:pb-0\">\n\n    <div\n        class=\"w-full grid grid-cols-1 lg:grid-cols-4 border-t-[1px] border-b-[1px] border-foreground group-last:border-b-0\">\n\n                    <div\n                class=\"w-full aspect-auto lg:aspect-[1\/1] flex flex-col items-start lg:items-center justify-center p-6 md:p-10 lg:p-12 xl:p-16 2xl:p-20 relative\">\n                                    <h2 class=\"text-2xl md:text-2xl lg:text-3xl font-bold mb-3 md:mb-4\">BER\u00c4TTA OM DITT PROJEKT<\/h2>\n                \n                                    <div class=\"prose prose-base md:prose-lg max-w-none mb-4 md:mb-6\">\n                        <p>Din vision f\u00f6rtj\u00e4nar ett utrymme designat med syfte. Oavsett om det \u00e4r en nybyggnation eller en renovering, <strong>l\u00e5t oss f\u00f6rverkliga dina id\u00e9er<\/strong>.<\/p>\n\n                    <\/div>\n                \n                                    <a href=\"\/sv\/kontakt\/\"                         class=\"btn-primary mr-auto mt-6 md:mt-8 lg:mt-10\">\n                        Kontakta oss\n                    <\/a>\n                \n                <div class=\"hidden lg:block w-[1px] h-[95%] bg-foreground absolute right-0\"><\/div>\n            <\/div>\n        \n                    <div class=\"col-span-1 lg:col-span-3 w-full overflow-hidden p-6 md:p-8 lg:p-10\">\n                <div class=\"w-full h-64 md:h-80 lg:h-full relative\">\n\n                    <img decoding=\"async\" src=\"https:\/\/casas-reformas.com\/wp-content\/uploads\/2026\/01\/Lenys-07.jpg\" alt=\"terraza vistas modern\" class=\"absolute inset-0 w-full h-full object-cover\" title=\"\">\n                <\/div>\n            <\/div>\n            <\/div>\n<\/section>\n","protected":false},"excerpt":{"rendered":"","protected":false},"author":1,"featured_media":0,"parent":0,"menu_order":0,"comment_status":"closed","ping_status":"closed","template":"","meta":{"_acf_changed":false,"footnotes":""},"class_list":["post-468","page","type-page","status-publish","hentry"],"acf":[],"_links":{"self":[{"href":"https:\/\/casas-reformas.com\/sv\/wp-json\/wp\/v2\/pages\/468","targetHints":{"allow":["GET"]}}],"collection":[{"href":"https:\/\/casas-reformas.com\/sv\/wp-json\/wp\/v2\/pages"}],"about":[{"href":"https:\/\/casas-reformas.com\/sv\/wp-json\/wp\/v2\/types\/page"}],"author":[{"embeddable":true,"href":"https:\/\/casas-reformas.com\/sv\/wp-json\/wp\/v2\/users\/1"}],"replies":[{"embeddable":true,"href":"https:\/\/casas-reformas.com\/sv\/wp-json\/wp\/v2\/comments?post=468"}],"version-history":[{"count":2,"href":"https:\/\/casas-reformas.com\/sv\/wp-json\/wp\/v2\/pages\/468\/revisions"}],"predecessor-version":[{"id":723,"href":"https:\/\/casas-reformas.com\/sv\/wp-json\/wp\/v2\/pages\/468\/revisions\/723"}],"wp:attachment":[{"href":"https:\/\/casas-reformas.com\/sv\/wp-json\/wp\/v2\/media?parent=468"}],"curies":[{"name":"wp","href":"https:\/\/api.w.org\/{rel}","templated":true}]}}