{"id":681,"date":"2026-01-27T11:40:17","date_gmt":"2026-01-27T10:40:17","guid":{"rendered":"https:\/\/casasyreformas.nubedev.es\/nuestra-calidad\/"},"modified":"2026-03-18T13:53:35","modified_gmt":"2026-03-18T12:53:35","slug":"nuestra-calidad","status":"publish","type":"page","link":"https:\/\/casas-reformas.com\/es\/nuestra-calidad\/","title":{"rendered":"Nuestra calidad"},"content":{"rendered":"<div class=\"hero-block-official w-full flex flex-col relative justify-center min-h-[70vh]\" style=\"background-image: url(https:\/\/casas-reformas.com\/wp-content\/uploads\/2026\/01\/Villa-Pacific-01.jpg); background-color: #f8f9fa; background-size: cover; background-position: center; background-repeat: no-repeat;\">\n                <div class=\"absolute inset-0 w-full min-h-[70vh]\" style=\"background-color: #0a0909; opacity: 0.3;\"><\/div>\n        <div class=\"container mx-auto relative z-10 flex flex-col items-center justify-center\">\n                    <h1 class=\"text-5xl font-sans mb-4 text-background\">\n                Nuestra calidad\n                <\/h1>\n                            <\/div>\n\n    \n            <div class=\"absolute bottom-0 left-0 z-20 p-6 md:p-10\">\n            <nav class=\"flex items-center text-sm flex-wrap\">\n                                    <a href=\"https:\/\/casas-reformas.com\/es\/\"\n                        class=\"text-background hover:text-primary transition-colors duration-300\">Home<\/a>\n                    <span class=\"mx-2 text-background opacity-60\">\/<\/span>\n                    <span class=\"text-background\">Nuestra calidad<\/span>\n                            <\/nav>\n        <\/div>\n    <\/div>\n\n\n<section class=\"1\"\n    style=\"background-color: \">\n    <div class=\"flex flex-col items-center py-10 px-4 md:px-6 lg:px-10 container mx-auto gap-8 md:gap-12 lg:gap-20\">\n        \n                    <div class=\"w-full flex flex-col items-center text-center justify-start pt-4 gap-4\">\n            \n                    <h2 class=\"text-2xl md:text-3xl lg:text-4xl font-semibold text-foreground\">\n                Por qu\u00e9 Casas &amp; Reformas\n                <\/h2>\n                <div class=\"prose prose-base md:prose-lg !max-w-screen-lg text-foreground\"><p>Tras m\u00e1s de 500 proyectos realizados \u2014reforma, rehabilitaci\u00f3n y obra nueva\u2014, podemos afirmar que nuestra experiencia y conocimientos son la base de la excelencia en la entrega de nuestros proyectos.<\/p>\n<p>Para los clientes, lo m\u00e1s importante es la comunicaci\u00f3n y la confianza; por ello, Casas &amp; Reformas mantiene un contacto continuo durante la fase de ejecuci\u00f3n, tanto en el dise\u00f1o como en la elecci\u00f3n de materiales y el control de calidad de los trabajos, para que el proyecto se ejecute conforme a las necesidades de cada cliente.<\/p>\n<\/div>\n\n        \n            <\/div>\n    <\/div>\n<\/section>\n\n\n<section class=\"1\"\n    style=\"background-color: \">\n    <div class=\"flex flex-col lg:flex-row items-center lg:items-start justify-center py-10 px-4 md:px-6 lg:px-10 container mx-auto gap-8 md:gap-12 lg:gap-20\">\n                                    <div class=\"bg-center bg-cover w-full lg:w-1\/2 overflow-hidden shadow-none rounded-none  aspect-video\"\n                    style=\"background-image: url('https:\/\/casas-reformas.com\/wp-content\/uploads\/2026\/01\/IMG_7379-2.jpeg');\"><\/div>\n                    \n                        <div class=\"w-full lg:w-1\/2 flex flex-col items-start text-start justify-start pt-4 gap-4\">\n        \n                    <h2 class=\"text-2xl md:text-3xl lg:text-4xl font-semibold text-foreground\">\n                Valores\n                <\/h2>\n                <div class=\"prose prose-base md:prose-lg !max-w-screen-lg text-foreground\"><p>Siguiendo la filosof\u00eda de mejora continua, Casas &amp; Reformas ha optado por gestionar la empresa mediante un sistema basado en las normas UNE-EN-ISO 9001, cuyo objetivo es la calidad de los servicios prestados. A trav\u00e9s de este documento, la Empresa publica su pol\u00edtica de calidad, enmarcada dentro de la estrategia de la organizaci\u00f3n, aportando los recursos necesarios para alcanzar los siguientes objetivos:<\/p>\n<\/div>\n\n                    <div class=\"cta-extended-text hidden prose prose-base md:prose-lg !max-w-screen-lg text-foreground\">\n                <ul>\n<li>Configurar y proporcionar la estructura de la Organizaci\u00f3n en los aspectos documentales, t\u00e9cnicos, productivos y administrativos para garantizar el cumplimiento de las necesidades de los clientes en todos nuestros productos y servicios.<\/li>\n<li>Cumplir los requisitos legales y reglamentarios aplicables, as\u00ed como otros requisitos a los que la organizaci\u00f3n pueda suscribirse.<\/li>\n<li>Orientar la actividad de la Organizaci\u00f3n para alcanzar el mayor nivel posible de satisfacci\u00f3n del cliente, mediante un trato personalizado acorde con sus necesidades.<\/li>\n<li>Lograr la participaci\u00f3n e implicaci\u00f3n de todo el personal de la Organizaci\u00f3n en el cumplimiento y desarrollo del Sistema de Gesti\u00f3n Integral.<\/li>\n<li>Garantizar que el compromiso con la mejora continua sea claramente comprendido y asumido por todos los empleados, como v\u00eda esencial para asegurar la competitividad de la empresa, proporcionando la m\u00e1xima satisfacci\u00f3n al cliente.<\/li>\n<li>Incrementar y mejorar la comunicaci\u00f3n interna para optimizar la coordinaci\u00f3n entre personas y departamentos. Esta pol\u00edtica de calidad es de obligado cumplimiento para todos los empleados de CASAS Y REFORMAS 2012, S.L.<\/li>\n<\/ul>\n<p>La Direcci\u00f3n de CASAS Y REFORMAS 2012, S.L. revisar\u00e1 anualmente la pol\u00edtica de gesti\u00f3n para garantizar que siga siendo pertinente y adecuada, propondr\u00e1 objetivos y metas viables para desplegar esta pol\u00edtica y mejorar\u00e1 de forma constante el Sistema de Gesti\u00f3n implantado.<\/p>\n<\/div>\n            <button type=\"button\"\n                class=\"cta-toggle-button text-sm font-medium underline text-foreground hover:no-underline transition-all\">\n                <span class=\"cta-read-more btn-primary no-arrow\">Leer m\u00e1s<\/span>\n                <span class=\"cta-read-less hidden btn-primary no-arrow\">Leer menos<\/span>\n            <\/button>\n        \n            <\/div>\n    <\/div>\n<\/section>\n\n\n<section class=\"wp-block-colaboradores py-8 md:py-12 lg:py-14 xl:py-16\" style=\"\">\n    <div class=\"px-4 md:px-6 lg:px-10\">\n        \n                    <h2 class=\"text-3xl md:text-4xl lg:text-5xl font-bold text-center mb-8 md:mb-12\">\n                Colaboradores\n            <\/h2>\n        \n        \n                    <div class=\"flex flex-row items-center justify-center flex-wrap gap-6 md:gap-8 lg:gap-10 max-w-7xl mx-auto\">\n                                                                                        <div class=\"flex items-center justify-center\">\n                                <img decoding=\"async\" src=\"https:\/\/casas-reformas.com\/wp-content\/uploads\/2026\/01\/colaboradores-04.png\" alt=\"colaboradores\" class=\"h-8 md:h-10 lg:h-12 w-auto object-contain opacity-70\" loading=\"lazy\" title=\"\">\n                            <\/div>\n                                                                                                                                    <a href=\"http:\/\/www.fernandomoreno.es\/\" target=\"_blank\" rel=\"noopener noreferrer\" class=\"flex items-center justify-center\">\n                                <img decoding=\"async\" src=\"https:\/\/casas-reformas.com\/wp-content\/uploads\/2026\/01\/logofernandomoreno-2.gif\" alt=\"colaboradores\" class=\"h-8 md:h-10 lg:h-12 w-auto object-contain opacity-70 hover:opacity-100 transition-opacity duration-300\" loading=\"lazy\" title=\"\">\n                            <\/a>\n                                                                                                                                    <a href=\"http:\/\/www.puya.es\/\" target=\"_blank\" rel=\"noopener noreferrer\" class=\"flex items-center justify-center\">\n                                <img decoding=\"async\" src=\"https:\/\/casas-reformas.com\/wp-content\/uploads\/2026\/01\/PUYA-logotipo-web-2.png\" alt=\"colaboradores\" class=\"h-8 md:h-10 lg:h-12 w-auto object-contain opacity-70 hover:opacity-100 transition-opacity duration-300\" loading=\"lazy\" title=\"\">\n                            <\/a>\n                                                                                                                                    <a href=\"http:\/\/www.tuinsa.es\/\" target=\"_blank\" rel=\"noopener noreferrer\" class=\"flex items-center justify-center\">\n                                <img decoding=\"async\" src=\"https:\/\/casas-reformas.com\/wp-content\/uploads\/2026\/01\/colaboradores-03.png\" alt=\"colaboradores\" class=\"h-8 md:h-10 lg:h-12 w-auto object-contain opacity-70 hover:opacity-100 transition-opacity duration-300\" loading=\"lazy\" title=\"\">\n                            <\/a>\n                                                                                                                                    <a href=\"https:\/\/www.keraben.com\/\" target=\"_blank\" rel=\"noopener noreferrer\" class=\"flex items-center justify-center\">\n                                <img decoding=\"async\" src=\"https:\/\/casas-reformas.com\/wp-content\/uploads\/2026\/01\/colaboradores-01.png\" alt=\"colaboradores\" class=\"h-8 md:h-10 lg:h-12 w-auto object-contain opacity-70 hover:opacity-100 transition-opacity duration-300\" loading=\"lazy\" title=\"\">\n                            <\/a>\n                                                                                                                                    <a href=\"https:\/\/storeyinterior.com\/en\/home\/\" target=\"_blank\" rel=\"noopener noreferrer\" class=\"flex items-center justify-center\">\n                                <img decoding=\"async\" src=\"https:\/\/casas-reformas.com\/wp-content\/uploads\/2026\/01\/colaboradores-02.png\" alt=\"colaboradores\" class=\"h-8 md:h-10 lg:h-12 w-auto object-contain opacity-70 hover:opacity-100 transition-opacity duration-300\" loading=\"lazy\" title=\"\">\n                            <\/a>\n                                                                                                                                    <a href=\"http:\/\/pavymas.es\/\" target=\"_blank\" rel=\"noopener noreferrer\" class=\"flex items-center justify-center\">\n                                <img decoding=\"async\" src=\"https:\/\/casas-reformas.com\/wp-content\/uploads\/2026\/01\/colaboradores-10.png\" alt=\"colaboradores\" class=\"h-8 md:h-10 lg:h-12 w-auto object-contain opacity-70 hover:opacity-100 transition-opacity duration-300\" loading=\"lazy\" title=\"\">\n                            <\/a>\n                                                                                                                                    <a href=\"https:\/\/www.newker.com\/es\" target=\"_blank\" rel=\"noopener noreferrer\" class=\"flex items-center justify-center\">\n                                <img decoding=\"async\" src=\"https:\/\/casas-reformas.com\/wp-content\/uploads\/2026\/01\/colaboradores-09.png\" alt=\"colaboradores\" class=\"h-8 md:h-10 lg:h-12 w-auto object-contain opacity-70 hover:opacity-100 transition-opacity duration-300\" loading=\"lazy\" title=\"\">\n                            <\/a>\n                                                                                                                                    <a href=\"https:\/\/www.home-design.schmidt\/es-es\/tienda-schmidt\/0003001023-fuengirola-mijas-costa\" target=\"_blank\" rel=\"noopener noreferrer\" class=\"flex items-center justify-center\">\n                                <img decoding=\"async\" src=\"https:\/\/casas-reformas.com\/wp-content\/uploads\/2026\/01\/colaboradores-08.png\" alt=\"colaboradores\" class=\"h-8 md:h-10 lg:h-12 w-auto object-contain opacity-70 hover:opacity-100 transition-opacity duration-300\" loading=\"lazy\" title=\"\">\n                            <\/a>\n                                                                                                                                    <div class=\"flex items-center justify-center\">\n                                <img decoding=\"async\" src=\"https:\/\/casas-reformas.com\/wp-content\/uploads\/2026\/01\/colaboradores-07.png\" alt=\"colaboradores\" class=\"h-8 md:h-10 lg:h-12 w-auto object-contain opacity-70\" loading=\"lazy\" title=\"\">\n                            <\/div>\n                                                                                                                                    <a href=\"http:\/\/www.topcret.com\/\" target=\"_blank\" rel=\"noopener noreferrer\" class=\"flex items-center justify-center\">\n                                <img decoding=\"async\" src=\"https:\/\/casas-reformas.com\/wp-content\/uploads\/2026\/01\/colaboradores-06.png\" alt=\"colaboradores\" class=\"h-8 md:h-10 lg:h-12 w-auto object-contain opacity-70 hover:opacity-100 transition-opacity duration-300\" loading=\"lazy\" title=\"\">\n                            <\/a>\n                                                                                                                                    <a href=\"http:\/\/www.aluminiossanpedro.com\/\" target=\"_blank\" rel=\"noopener noreferrer\" class=\"flex items-center justify-center\">\n                                <img decoding=\"async\" src=\"https:\/\/casas-reformas.com\/wp-content\/uploads\/2026\/01\/colaboradores-05.png\" alt=\"colaboradores\" class=\"h-8 md:h-10 lg:h-12 w-auto object-contain opacity-70 hover:opacity-100 transition-opacity duration-300\" loading=\"lazy\" title=\"\">\n                            <\/a>\n                                                                        <\/div>\n            <\/div>\n<\/section>\n\n\n<section class=\"w-full flex py-8 md:py-12 lg:py-14 xl:py-16 group last:pb-0\">\n\n    <div\n        class=\"w-full grid grid-cols-1 lg:grid-cols-4 border-t-[1px] border-b-[1px] border-foreground group-last:border-b-0\">\n\n                    <div\n                class=\"w-full aspect-auto lg:aspect-[1\/1] flex flex-col items-start lg:items-center justify-center p-6 md:p-10 lg:p-12 xl:p-16 2xl:p-20 relative\">\n                                    <h2 class=\"text-2xl md:text-2xl lg:text-3xl font-bold mb-3 md:mb-4\">CU\u00c9NTENOS SU PROYECTO<\/h2>\n                \n                                    <div class=\"prose prose-base md:prose-lg max-w-none mb-4 md:mb-6\">\n                        <p>Su visi\u00f3n merece un espacio dise\u00f1ado con prop\u00f3sito. Ya sea una obra nueva o una reforma, <strong>hagamos realidad sus ideas<\/strong>. <\/p>\n\n                    <\/div>\n                \n                                    <a href=\"\/es\/contacto\/\"                         class=\"btn-primary mr-auto mt-6 md:mt-8 lg:mt-10\">\n                        Contacte con nosotros\n                    <\/a>\n                \n                <div class=\"hidden lg:block w-[1px] h-[95%] bg-foreground absolute right-0\"><\/div>\n            <\/div>\n        \n                    <div class=\"col-span-1 lg:col-span-3 w-full overflow-hidden p-6 md:p-8 lg:p-10\">\n                <div class=\"w-full h-64 md:h-80 lg:h-full relative\">\n\n                    <img decoding=\"async\" src=\"https:\/\/casas-reformas.com\/wp-content\/uploads\/2026\/01\/Lenys-07.jpg\" alt=\"terraza vistas modern\" class=\"absolute inset-0 w-full h-full object-cover\" title=\"\">\n                <\/div>\n            <\/div>\n            <\/div>\n<\/section>\n","protected":false},"excerpt":{"rendered":"","protected":false},"author":1,"featured_media":0,"parent":0,"menu_order":0,"comment_status":"closed","ping_status":"closed","template":"","meta":{"_acf_changed":false,"footnotes":""},"class_list":["post-681","page","type-page","status-publish","hentry"],"acf":[],"_links":{"self":[{"href":"https:\/\/casas-reformas.com\/es\/wp-json\/wp\/v2\/pages\/681","targetHints":{"allow":["GET"]}}],"collection":[{"href":"https:\/\/casas-reformas.com\/es\/wp-json\/wp\/v2\/pages"}],"about":[{"href":"https:\/\/casas-reformas.com\/es\/wp-json\/wp\/v2\/types\/page"}],"author":[{"embeddable":true,"href":"https:\/\/casas-reformas.com\/es\/wp-json\/wp\/v2\/users\/1"}],"replies":[{"embeddable":true,"href":"https:\/\/casas-reformas.com\/es\/wp-json\/wp\/v2\/comments?post=681"}],"version-history":[{"count":5,"href":"https:\/\/casas-reformas.com\/es\/wp-json\/wp\/v2\/pages\/681\/revisions"}],"predecessor-version":[{"id":716,"href":"https:\/\/casas-reformas.com\/es\/wp-json\/wp\/v2\/pages\/681\/revisions\/716"}],"wp:attachment":[{"href":"https:\/\/casas-reformas.com\/es\/wp-json\/wp\/v2\/media?parent=681"}],"curies":[{"name":"wp","href":"https:\/\/api.w.org\/{rel}","templated":true}]}}