{"id":628,"date":"2026-01-21T15:55:41","date_gmt":"2026-01-21T14:55:41","guid":{"rendered":"https:\/\/casasyreformas.nubedev.es\/aviso-legal\/"},"modified":"2026-03-18T13:34:23","modified_gmt":"2026-03-18T12:34:23","slug":"aviso-legal","status":"publish","type":"page","link":"https:\/\/casas-reformas.com\/es\/aviso-legal\/","title":{"rendered":"Aviso legal"},"content":{"rendered":"<div class=\"hero-block-official w-full flex flex-col relative justify-center min-h-[70vh]\" style=\"background-image: url(https:\/\/casas-reformas.com\/wp-content\/uploads\/2026\/01\/Villa-Pacific-05.jpg); background-color: #f8f9fa; background-size: cover; background-position: center; background-repeat: no-repeat;\">\n                <div class=\"absolute inset-0 w-full min-h-[70vh]\" style=\"background-color: #0a0909; opacity: 0.3;\"><\/div>\n        <div class=\"container mx-auto relative z-10 flex flex-col items-center justify-center\">\n                    <h1 class=\"text-5xl font-sans mb-4 text-background\">\n                Aviso legal\n                <\/h1>\n                            <\/div>\n\n    \n            <div class=\"absolute bottom-0 left-0 z-20 p-6 md:p-10\">\n            <nav class=\"flex items-center text-sm flex-wrap\">\n                                    <a href=\"https:\/\/casas-reformas.com\/es\/\"\n                        class=\"text-background hover:text-primary transition-colors duration-300\">Home<\/a>\n                    <span class=\"mx-2 text-background opacity-60\">\/<\/span>\n                    <span class=\"text-background\">Aviso legal<\/span>\n                            <\/nav>\n        <\/div>\n    <\/div>\n\n\n<section class=\"container mx-auto py-10 2xl:px-0 xl:px-20 px-10\">\n    \n            <div class=\"prose prose-base max-w-full\">\n            <p>\u201cEn cumplimiento del Reglamento General de Protecci\u00f3n de Datos (UE) 2016\/679 del Parlamento Europeo y del Consejo, de 27 de abril de 2016, y de la Ley Org\u00e1nica 3\/2018, de 5 de diciembre, de Protecci\u00f3n de Datos Personales y garant\u00eda de los derechos digitales, le informamos de que los datos personales facilitados ser\u00e1n tratados por CASAS Y REFORMAS 2012 S.L., con CIF B93205557, con domicilio en SAN PEDRO ALCANTARA (MALAGA), C.P. 29670, CALLE CALLE DR. ESTEBAN SAN MATEOS N\u00ba 11, PLANTA 1, PUERTA IZQUIERDA, con la finalidad de prestar el servicio solicitado y realizar su facturaci\u00f3n. La base legal para el tratamiento de sus datos personales es la ejecuci\u00f3n del servicio contratado. La futura oferta de productos y servicios se basar\u00e1 en el consentimiento solicitado y, en caso de retirada de dicho consentimiento, ello no condicionar\u00e1 en ning\u00fan caso la ejecuci\u00f3n del contrato.<\/p>\n<p>Los datos facilitados se conservar\u00e1n mientras se mantenga la relaci\u00f3n comercial o durante los a\u00f1os necesarios para cumplir con las obligaciones legales. Los datos no se ceder\u00e1n a terceros salvo en los casos en que exista una obligaci\u00f3n legal. <\/p>\n<p>Usted tiene derecho a obtener confirmaci\u00f3n sobre si en CASAS Y REFORMAS 2012 S.L. estamos tratando o no sus datos personales y, por tanto, tiene derecho a ejercer sus derechos de acceso, rectificaci\u00f3n, limitaci\u00f3n del tratamiento, portabilidad, oposici\u00f3n al tratamiento y supresi\u00f3n de sus datos, mediante escrito dirigido a la direcci\u00f3n postal indicada anteriormente o al correo electr\u00f3nico info@casas-reformas.com, adjuntando en ambos casos copia del DNI, as\u00ed como el derecho a presentar una reclamaci\u00f3n ante la Autoridad de Control (aepd.es) \u201c.<\/p>\n<p>Asimismo, solicitamos su autorizaci\u00f3n para ofrecerle productos y servicios relacionados con los solicitados, ejecutados y\/o comercializados por nuestra empresa, lo que nos permite mantenerle como cliente.<\/p>\n\n        <\/div>\n    \n<\/section>\n","protected":false},"excerpt":{"rendered":"","protected":false},"author":1,"featured_media":0,"parent":0,"menu_order":0,"comment_status":"closed","ping_status":"closed","template":"","meta":{"_acf_changed":false,"footnotes":""},"class_list":["post-628","page","type-page","status-publish","hentry"],"acf":[],"_links":{"self":[{"href":"https:\/\/casas-reformas.com\/es\/wp-json\/wp\/v2\/pages\/628","targetHints":{"allow":["GET"]}}],"collection":[{"href":"https:\/\/casas-reformas.com\/es\/wp-json\/wp\/v2\/pages"}],"about":[{"href":"https:\/\/casas-reformas.com\/es\/wp-json\/wp\/v2\/types\/page"}],"author":[{"embeddable":true,"href":"https:\/\/casas-reformas.com\/es\/wp-json\/wp\/v2\/users\/1"}],"replies":[{"embeddable":true,"href":"https:\/\/casas-reformas.com\/es\/wp-json\/wp\/v2\/comments?post=628"}],"version-history":[{"count":2,"href":"https:\/\/casas-reformas.com\/es\/wp-json\/wp\/v2\/pages\/628\/revisions"}],"predecessor-version":[{"id":704,"href":"https:\/\/casas-reformas.com\/es\/wp-json\/wp\/v2\/pages\/628\/revisions\/704"}],"wp:attachment":[{"href":"https:\/\/casas-reformas.com\/es\/wp-json\/wp\/v2\/media?parent=628"}],"curies":[{"name":"wp","href":"https:\/\/api.w.org\/{rel}","templated":true}]}}