{"id":622,"date":"2026-01-21T15:56:04","date_gmt":"2026-01-21T14:56:04","guid":{"rendered":"https:\/\/casasyreformas.nubedev.es\/politica-de-cookies\/"},"modified":"2026-03-18T13:35:53","modified_gmt":"2026-03-18T12:35:53","slug":"politica-de-cookies","status":"publish","type":"page","link":"https:\/\/casas-reformas.com\/es\/politica-de-cookies\/","title":{"rendered":"Pol\u00edtica de cookies"},"content":{"rendered":"<div class=\"hero-block-official w-full flex flex-col relative justify-center min-h-[70vh]\" style=\"background-image: url(https:\/\/casas-reformas.com\/wp-content\/uploads\/2026\/01\/La-Rinconada-03.jpg); background-color: #f8f9fa; background-size: cover; background-position: center; background-repeat: no-repeat;\">\n                <div class=\"absolute inset-0 w-full min-h-[70vh]\" style=\"background-color: #0a0909; opacity: 0.3;\"><\/div>\n        <div class=\"container mx-auto relative z-10 flex flex-col items-center justify-center\">\n                    <h1 class=\"text-5xl font-sans mb-4 text-background\">\n                Pol\u00edtica de cookies\n                <\/h1>\n                            <\/div>\n\n    \n            <div class=\"absolute bottom-0 left-0 z-20 p-6 md:p-10\">\n            <nav class=\"flex items-center text-sm flex-wrap\">\n                                    <a href=\"https:\/\/casas-reformas.com\/es\/\"\n                        class=\"text-background hover:text-primary transition-colors duration-300\">Home<\/a>\n                    <span class=\"mx-2 text-background opacity-60\">\/<\/span>\n                    <span class=\"text-background\">Pol\u00edtica de cookies<\/span>\n                            <\/nav>\n        <\/div>\n    <\/div>\n\n\n<section class=\"container mx-auto py-10 2xl:px-0 xl:px-20 px-10\">\n    \n            <div class=\"prose prose-base max-w-full\">\n            <h5><strong>Pol\u00edtica de cookies<\/strong><\/h5>\n<p>C<em>asas &amp; Reformas<\/em> ha desarrollado esta pol\u00edtica para informarle de que este sitio web utiliza cookies con el fin de ofrecerle una experiencia de navegaci\u00f3n adaptada a sus necesidades y optimizar su rendimiento. Casas &amp; Reformas hace un uso completamente responsable y no intrusivo de las cookies y, dado que nos preocupa su privacidad, queremos informarle sobre el uso que hacemos de ellas y las opciones disponibles para usted como usuario para gestionarlas. <\/p>\n<h5><strong>\u00bfQu\u00e9 son las cookies?<\/strong><\/h5>\n<p>Una cookie es un archivo que se descarga en su ordenador al acceder a determinadas p\u00e1ginas web. Las cookies permiten a una p\u00e1gina web, entre otras cosas, almacenar y recuperar informaci\u00f3n sobre los h\u00e1bitos de navegaci\u00f3n de un usuario de su ordenador y, en funci\u00f3n de la informaci\u00f3n que contengan y de la forma en que utilice su ordenador, pueden utilizarse para reconocer el nombre de usuario. <\/p>\n<p>Las cookies pueden ser de \u201csesi\u00f3n\u201d, por lo que se eliminar\u00e1n una vez que el usuario abandone la p\u00e1gina web que las gener\u00f3, o \u201cpersistentes\u201d, que permanecen en su ordenador hasta una fecha determinada.<\/p>\n<h5><strong>\u00bfQu\u00e9 tipos de cookies utiliza este sitio web?<\/strong><\/h5>\n<p><strong>Cookies de uso interno<\/strong><\/p>\n<p>Este sitio web utiliza cookies de uso interno esenciales para el funcionamiento normal de esta aplicaci\u00f3n, como las que permiten la autenticaci\u00f3n o el mantenimiento de la sesi\u00f3n del usuario registrado. La desactivaci\u00f3n de estas cookies impide el correcto funcionamiento de algunos servicios de este sitio web. <\/p>\n<p><strong>Cookies de terceros<\/strong><\/p>\n<p>Este sitio web utiliza cookies de terceros como complementos de contenidos externos. Estas cookies no proceden del sitio que usted visita. <\/p>\n<p><strong>Cookies anal\u00edticas<\/strong><\/p>\n<p>Este sitio web utiliza cookies anal\u00edticas para la medici\u00f3n de la actividad de los sitios web y para la elaboraci\u00f3n de perfiles de navegaci\u00f3n de los usuarios de dichos sitios, con el fin de introducir mejoras basadas en el an\u00e1lisis de los datos de uso realizados por los usuarios del servicio del sitio web. <\/p>\n<p><strong>C\u00f3mo desactivar las cookies en los principales navegadores<\/strong><\/p>\n<p>Puede permitir, bloquear o eliminar las cookies instaladas en su ordenador mediante la configuraci\u00f3n de las opciones de su navegador de internet. En caso de bloquearlas, es posible que determinados servicios que necesitan su uso no est\u00e9n disponibles para usted. <\/p>\n<p>A continuaci\u00f3n, le ofrecemos enlaces donde encontrar\u00e1 informaci\u00f3n sobre c\u00f3mo puede activar sus preferencias en los principales navegadores:<\/p>\n<p><a href=\"https:\/\/support.google.com\/chrome\/answer\/95647?hl=es\" target=\"_blank\" rel=\"noopener\">Google Chrome<\/a><\/p>\n<p><a href=\"https:\/\/support.mozilla.org\/es\/kb\/cookies-informacion-que-los-sitios-web-guardan-en-?redirectlocale=en-US&amp;redirectslug=Cookies\" target=\"_blank\" rel=\"noopener\">Mozilla Firefox<\/a><\/p>\n<p><a href=\"https:\/\/support.microsoft.com\/es-es\/help\/17442\/windows-internet-explorer-delete-manage-cookies\" target=\"_blank\" rel=\"noopener\">Internet Explorer<\/a><\/p>\n<p><a href=\"https:\/\/support.apple.com\/es-es\/HT201265\" target=\"_blank\" rel=\"noopener\">Safari para iOS (iPhone, iPad)<\/a><\/p>\n<p><a href=\"http:\/\/www.macromedia.com\/support\/documentation\/es\/flashplayer\/help\/settings_manager07.html\" target=\"_blank\" rel=\"noopener\">Cookies de Flash<\/a><\/p>\n<p>Por \u00faltimo, puede acceder al portal Your Online Choices donde, adem\u00e1s de encontrar informaci\u00f3n \u00fatil, puede configurar, proveedor por proveedor, sus preferencias sobre las cookies publicitarias de terceros.<\/p>\n<h5><strong>SITIOS DE TERCEROS<\/strong><\/h5>\n<p>Tenga en cuenta que otros sitios web a los que se puede acceder a trav\u00e9s de los sitios web de <em>Casas &amp; Reformas<\/em> pueden recopilar informaci\u00f3n personal sobre usted. La informaci\u00f3n recopilada por estos sitios web de terceros enlazados a los sitios web de <em>Casas &amp; Reformas<\/em> no est\u00e1 cubierta por esta pol\u00edtica y debe revisar la pol\u00edtica de privacidad y cookies al visitar cualquier otro sitio web. <\/p>\n<h5><strong>ACTUALIZACIONES Y CAMBIOS EN LA POL\u00cdTICA DE COOKIES:<\/strong><\/h5>\n<p>Los sitios web de <em>Casas &amp; Reformas<\/em> pueden modificar esta Pol\u00edtica de cookies en funci\u00f3n de exigencias legislativas o reglamentarias, o con el fin de adaptar dicha pol\u00edtica a las instrucciones dictadas por la Agencia Espa\u00f1ola de Protecci\u00f3n de Datos; por ello, se recomienda a los usuarios que la visiten peri\u00f3dicamente.<\/p>\n\n        <\/div>\n    \n<\/section>\n","protected":false},"excerpt":{"rendered":"","protected":false},"author":1,"featured_media":0,"parent":0,"menu_order":0,"comment_status":"closed","ping_status":"closed","template":"","meta":{"_acf_changed":false,"footnotes":""},"class_list":["post-622","page","type-page","status-publish","hentry"],"acf":[],"_links":{"self":[{"href":"https:\/\/casas-reformas.com\/es\/wp-json\/wp\/v2\/pages\/622","targetHints":{"allow":["GET"]}}],"collection":[{"href":"https:\/\/casas-reformas.com\/es\/wp-json\/wp\/v2\/pages"}],"about":[{"href":"https:\/\/casas-reformas.com\/es\/wp-json\/wp\/v2\/types\/page"}],"author":[{"embeddable":true,"href":"https:\/\/casas-reformas.com\/es\/wp-json\/wp\/v2\/users\/1"}],"replies":[{"embeddable":true,"href":"https:\/\/casas-reformas.com\/es\/wp-json\/wp\/v2\/comments?post=622"}],"version-history":[{"count":2,"href":"https:\/\/casas-reformas.com\/es\/wp-json\/wp\/v2\/pages\/622\/revisions"}],"predecessor-version":[{"id":706,"href":"https:\/\/casas-reformas.com\/es\/wp-json\/wp\/v2\/pages\/622\/revisions\/706"}],"wp:attachment":[{"href":"https:\/\/casas-reformas.com\/es\/wp-json\/wp\/v2\/media?parent=622"}],"curies":[{"name":"wp","href":"https:\/\/api.w.org\/{rel}","templated":true}]}}