{"id":611,"date":"2026-01-27T11:39:59","date_gmt":"2026-01-27T10:39:59","guid":{"rendered":"https:\/\/casasyreformas.nubedev.es\/sobre-nosotros\/"},"modified":"2026-03-18T13:54:43","modified_gmt":"2026-03-18T12:54:43","slug":"sobre-nosotros","status":"publish","type":"page","link":"https:\/\/casas-reformas.com\/es\/sobre-nosotros\/","title":{"rendered":"Sobre nosotros"},"content":{"rendered":"<div class=\"hero-block-official w-full flex flex-col relative justify-center min-h-[70vh]\" style=\"background-image: url(https:\/\/casas-reformas.com\/wp-content\/uploads\/2026\/01\/Villa-Pacific-04.jpg); background-color: #f8f9fa; background-size: cover; background-position: center; background-repeat: no-repeat;\">\n                <div class=\"absolute inset-0 w-full min-h-[70vh]\" style=\"background-color: #0a0909; opacity: 0.3;\"><\/div>\n        <div class=\"container mx-auto relative z-10 flex flex-col items-center justify-center\">\n                    <h1 class=\"text-5xl font-sans mb-4 text-background\">\n                Sobre nosotros\n                <\/h1>\n                            <\/div>\n\n    \n            <div class=\"absolute bottom-0 left-0 z-20 p-6 md:p-10\">\n            <nav class=\"flex items-center text-sm flex-wrap\">\n                                    <a href=\"https:\/\/casas-reformas.com\/es\/\"\n                        class=\"text-background hover:text-primary transition-colors duration-300\">Home<\/a>\n                    <span class=\"mx-2 text-background opacity-60\">\/<\/span>\n                    <span class=\"text-background\">Sobre nosotros<\/span>\n                            <\/nav>\n        <\/div>\n    <\/div>\n\n\n<div class=\"wp-block-trayectoria py-16\" style=\"\">\n    <div class=\"px-4 md:px-6 lg:px-10\">\n        \n        <div class=\"mb-8\">\n                            <h2 class=\"text-4xl font-bold\">\n                    Comienzos\n                <\/h2>\n            \n                            <p class=\"text-xl md:text-2xl font-light text-gray-600\">\n                    de Casas &amp; Reformas\n                <\/p>\n                    <\/div>\n\n        \n        <div class=\"grid grid-cols-1 lg:grid-cols-5 gap-8\">\n            \n            <div class=\"lg:col-span-3 flex flex-col gap-8 order-1 lg:order-none\">\n                \n                                    <div class=\"prose prose-lg max-w-none font-light\">\n                        <p>Casas &amp; Reformas lleva m\u00e1s de 17 a\u00f1os realizando proyectos en Espa\u00f1a, sobrevivi\u00f3 a los 7 a\u00f1os de crisis de la construcci\u00f3n gracias a su s\u00f3lida solvencia y emergi\u00f3 como una empresa constructora de gran reputaci\u00f3n en la Costa del Sol.<\/p>\n\n                    <\/div>\n                \n                \n                                    <div class=\"relative h-96 overflow-hidden\">\n                        <img decoding=\"async\" src=\"https:\/\/casas-reformas.com\/wp-content\/uploads\/2026\/01\/Villa-Pacific-07.jpg\" alt=\"Modern kitchen with stylish bar stools\" class=\"w-full h-full object-cover\" loading=\"lazy\" title=\"\">\n                    <\/div>\n                \n                \n                                    <div class=\"hidden lg:flex flex-col text-right\">\n                        <div class=\"mb-8\">\n                                                            <h3 class=\"text-4xl font-bold\">\n                                    Asse Rosenius\n                                <\/h3>\n                            \n                                                            <p class=\"text-lg md:text-xl font-light text-gray-600\">\n                                    Gerente y fundador\n                                <\/p>\n                                                    <\/div>\n\n                                                    <div class=\"prose prose-lg max-w-none font-light ml-auto\">\n                                <p>El gerente y fundador de Casas &amp; Reformas, nacido en Laponia, al norte de Finlandia, cuenta con m\u00e1s de 30 a\u00f1os de experiencia en el sector de la construcci\u00f3n. Comenz\u00f3 a trabajar desde muy joven en su pa\u00eds de origen en diversos sectores. M\u00e1s tarde, su esp\u00edritu aventurero le llev\u00f3 a vivir en pa\u00edses como Portugal y Estados Unidos hasta que decidi\u00f3 establecerse en la Costa del Sol, cautivado por el clima, la cultura y la amabilidad de su gente.<\/p>\n<p>Visionario y emprendedor, comenz\u00f3 este proyecto de forma gradual hace m\u00e1s de 15 a\u00f1os, consolid\u00e1ndolo en los \u00faltimos 6 a\u00f1os como una empresa con un fuerte impulso de crecimiento. No solo aprende a satisfacer las necesidades de los clientes, sino que tambi\u00e9n les sorprende d\u00e1ndoles m\u00e1s de lo que piden, un efecto que logra identificando formas de mejorar productos y servicios. En definitiva, se esfuerza por alcanzar la excelencia.<\/p>\n<p>Destacar\u00edamos su humildad y cercan\u00eda con todo el equipo. Se considera un compa\u00f1ero m\u00e1s. Dedica su tiempo libre al deporte y a disfrutar de la naturaleza para escapar del ruido, e intenta pasar el mayor tiempo posible con su familia.<\/p>\n\n                            <\/div>\n                                            <\/div>\n                            <\/div>\n\n            \n                            <div class=\"lg:col-span-2 order-2 lg:order-none\">\n                    <div class=\"relative h-full min-h-[400px] lg:min-h-full overflow-hidden\">\n                        <img decoding=\"async\" src=\"https:\/\/casas-reformas.com\/wp-content\/uploads\/2026\/03\/Team-00-1024x848-1.jpg\" alt=\"Man sitting at a desk.\" class=\"w-full h-full object-cover\" loading=\"lazy\" title=\"\">\n                    <\/div>\n                <\/div>\n            \n            \n                            <div class=\"flex lg:hidden flex-col text-right order-3\">\n                    <div class=\"mb-8\">\n                                                    <h3 class=\"text-4xl font-bold\">\n                                Asse Rosenius\n                            <\/h3>\n                        \n                                                    <p class=\"text-lg md:text-xl font-light text-gray-600\">\n                                Gerente y fundador\n                            <\/p>\n                                            <\/div>\n\n                                            <div class=\"prose prose-lg max-w-none font-light ml-auto\">\n                            <p>El gerente y fundador de Casas &amp; Reformas, nacido en Laponia, al norte de Finlandia, cuenta con m\u00e1s de 30 a\u00f1os de experiencia en el sector de la construcci\u00f3n. Comenz\u00f3 a trabajar desde muy joven en su pa\u00eds de origen en diversos sectores. M\u00e1s tarde, su esp\u00edritu aventurero le llev\u00f3 a vivir en pa\u00edses como Portugal y Estados Unidos hasta que decidi\u00f3 establecerse en la Costa del Sol, cautivado por el clima, la cultura y la amabilidad de su gente.<\/p>\n<p>Visionario y emprendedor, comenz\u00f3 este proyecto de forma gradual hace m\u00e1s de 15 a\u00f1os, consolid\u00e1ndolo en los \u00faltimos 6 a\u00f1os como una empresa con un fuerte impulso de crecimiento. No solo aprende a satisfacer las necesidades de los clientes, sino que tambi\u00e9n les sorprende d\u00e1ndoles m\u00e1s de lo que piden, un efecto que logra identificando formas de mejorar productos y servicios. En definitiva, se esfuerza por alcanzar la excelencia.<\/p>\n<p>Destacar\u00edamos su humildad y cercan\u00eda con todo el equipo. Se considera un compa\u00f1ero m\u00e1s. Dedica su tiempo libre al deporte y a disfrutar de la naturaleza para escapar del ruido, e intenta pasar el mayor tiempo posible con su familia.<\/p>\n\n                        <\/div>\n                                    <\/div>\n                    <\/div>\n    <\/div>\n\n    <\/div>\n\n\n<section class=\"1\"\n    style=\"background-color: \">\n    <div class=\"flex flex-col lg:flex-row items-center lg:items-start justify-center py-10 px-4 md:px-6 lg:px-10 container mx-auto gap-8 md:gap-12 lg:gap-20\">\n                                    <div class=\"bg-center bg-cover w-full lg:w-1\/2 overflow-hidden shadow-none rounded-none  aspect-video\"\n                    style=\"background-image: url('https:\/\/casas-reformas.com\/wp-content\/uploads\/2026\/01\/Haza-del-Conde-01.jpg');\"><\/div>\n                    \n                        <div class=\"w-full lg:w-1\/2 flex flex-col items-start text-start justify-start pt-4 gap-4\">\n        \n                    <h2 class=\"text-2xl md:text-3xl lg:text-4xl font-semibold text-foreground\">\n                Valores\n                <\/h2>\n                <div class=\"prose prose-base md:prose-lg !max-w-screen-lg text-foreground\"><ul>\n<li><strong>Servicio cercano y personalizado:<\/strong> Comprometidos con la satisfacci\u00f3n de nuestros clientes.<\/li>\n<li><strong>Transparencia:<\/strong> Honestidad y entrega en nuestros proyectos.<\/li>\n<li><strong>Innovaci\u00f3n:<\/strong> Enfocados en la calidad y la mejora continua de los espacios que creamos.<\/li>\n<li><strong>Respeto:<\/strong> Valoramos a las personas, a las comunidades y al medio ambiente.<\/li>\n<\/ul>\n<\/div>\n\n        \n            <\/div>\n    <\/div>\n<\/section>\n\n\n<section class=\"1\"\n    style=\"background-color: \">\n    <div class=\"flex flex-col lg:flex-row-reverse items-center lg:items-start justify-center py-10 px-4 md:px-6 lg:px-10 container mx-auto gap-8 md:gap-12 lg:gap-20\">\n                                    <div class=\"bg-center bg-cover w-full lg:w-1\/2 overflow-hidden shadow-none rounded-none  aspect-video\"\n                    style=\"background-image: url('https:\/\/casas-reformas.com\/wp-content\/uploads\/2026\/01\/Lenys-08.jpg');\"><\/div>\n                    \n                        <div class=\"w-full lg:w-1\/2 flex flex-col items-end text-end justify-start pt-4 gap-4\">\n        \n                    <h2 class=\"text-2xl md:text-3xl lg:text-4xl font-semibold text-foreground\">\n                Visi\u00f3n\n                <\/h2>\n                <div class=\"prose prose-base md:prose-lg !max-w-screen-lg text-foreground\"><p>El esfuerzo de hoy es el \u00e9xito del ma\u00f1ana; por ello, queremos convertirnos en una de las empresas l\u00edderes del sector de la construcci\u00f3n en la Costa del Sol ofreciendo a nuestros clientes las mejores opciones para construir una vivienda a medida. Para ello, queremos contar con un capital humano y colaboradores acordes a nuestros valores, evolucionando e innovando, pero siempre comprometidos con el medio ambiente.<\/p>\n<\/div>\n\n        \n            <\/div>\n    <\/div>\n<\/section>\n\n\n<section class=\"1\"\n    style=\"background-color: \">\n    <div class=\"flex flex-col lg:flex-row items-center lg:items-start justify-center py-10 px-4 md:px-6 lg:px-10 container mx-auto gap-8 md:gap-12 lg:gap-20\">\n                                    <div class=\"bg-center bg-cover w-full lg:w-1\/2 overflow-hidden shadow-none rounded-none  aspect-video\"\n                    style=\"background-image: url('https:\/\/casas-reformas.com\/wp-content\/uploads\/2026\/01\/La-Rinconada-06.jpg');\"><\/div>\n                    \n                        <div class=\"w-full lg:w-1\/2 flex flex-col items-start text-start justify-start pt-4 gap-4\">\n        \n                    <h2 class=\"text-2xl md:text-3xl lg:text-4xl font-semibold text-foreground\">\n                Misi\u00f3n\n                <\/h2>\n                <div class=\"prose prose-base md:prose-lg !max-w-screen-lg text-foreground\"><p>Nuestra misi\u00f3n es satisfacer las necesidades de nuestros clientes ofreciendo un servicio cercano y personalizado en la creaci\u00f3n de proyectos, siempre con materiales de calidad y los mejores colaboradores del sector. El cliente es nuestra raz\u00f3n de ser, por lo que cuidamos todos los detalles mediante una comunicaci\u00f3n constante.<\/p>\n<\/div>\n\n        \n            <\/div>\n    <\/div>\n<\/section>\n\n\n<section class=\"w-full flex py-8 md:py-12 lg:py-14 xl:py-16 group last:pb-0\">\n\n    <div\n        class=\"w-full grid grid-cols-1 lg:grid-cols-4 border-t-[1px] border-b-[1px] border-foreground group-last:border-b-0\">\n\n                    <div\n                class=\"w-full aspect-auto lg:aspect-[1\/1] flex flex-col items-start lg:items-center justify-center p-6 md:p-10 lg:p-12 xl:p-16 2xl:p-20 relative\">\n                                    <h2 class=\"text-2xl md:text-2xl lg:text-3xl font-bold mb-3 md:mb-4\">CU\u00c9NTENOS SU PROYECTO<\/h2>\n                \n                                    <div class=\"prose prose-base md:prose-lg max-w-none mb-4 md:mb-6\">\n                        <p>Su visi\u00f3n merece un espacio dise\u00f1ado con un prop\u00f3sito. Ya sea una obra nueva o una reforma, <strong>hagamos realidad sus ideas<\/strong>.<\/p>\n\n                    <\/div>\n                \n                                    <a href=\"\/es\/contacto\/\"                         class=\"btn-primary mr-auto mt-6 md:mt-8 lg:mt-10\">\n                        Contacte con nosotros\n                    <\/a>\n                \n                <div class=\"hidden lg:block w-[1px] h-[95%] bg-foreground absolute right-0\"><\/div>\n            <\/div>\n        \n                    <div class=\"col-span-1 lg:col-span-3 w-full overflow-hidden p-6 md:p-8 lg:p-10\">\n                <div class=\"w-full h-64 md:h-80 lg:h-full relative\">\n\n                    <img decoding=\"async\" src=\"https:\/\/casas-reformas.com\/wp-content\/uploads\/2026\/01\/Lenys-07.jpg\" alt=\"terraza vistas modern\" class=\"absolute inset-0 w-full h-full object-cover\" title=\"\">\n                <\/div>\n            <\/div>\n            <\/div>\n<\/section>\n","protected":false},"excerpt":{"rendered":"","protected":false},"author":1,"featured_media":0,"parent":0,"menu_order":0,"comment_status":"closed","ping_status":"closed","template":"","meta":{"_acf_changed":false,"footnotes":""},"class_list":["post-611","page","type-page","status-publish","hentry"],"acf":[],"_links":{"self":[{"href":"https:\/\/casas-reformas.com\/es\/wp-json\/wp\/v2\/pages\/611","targetHints":{"allow":["GET"]}}],"collection":[{"href":"https:\/\/casas-reformas.com\/es\/wp-json\/wp\/v2\/pages"}],"about":[{"href":"https:\/\/casas-reformas.com\/es\/wp-json\/wp\/v2\/types\/page"}],"author":[{"embeddable":true,"href":"https:\/\/casas-reformas.com\/es\/wp-json\/wp\/v2\/users\/1"}],"replies":[{"embeddable":true,"href":"https:\/\/casas-reformas.com\/es\/wp-json\/wp\/v2\/comments?post=611"}],"version-history":[{"count":3,"href":"https:\/\/casas-reformas.com\/es\/wp-json\/wp\/v2\/pages\/611\/revisions"}],"predecessor-version":[{"id":717,"href":"https:\/\/casas-reformas.com\/es\/wp-json\/wp\/v2\/pages\/611\/revisions\/717"}],"wp:attachment":[{"href":"https:\/\/casas-reformas.com\/es\/wp-json\/wp\/v2\/media?parent=611"}],"curies":[{"name":"wp","href":"https:\/\/api.w.org\/{rel}","templated":true}]}}